{"id":94,"date":"2017-02-25T02:03:46","date_gmt":"2017-02-25T01:03:46","guid":{"rendered":"http:\/\/blond.pl\/fotele\/?page_id=94"},"modified":"2020-10-11T23:44:56","modified_gmt":"2020-10-11T21:44:56","slug":"model-lord","status":"publish","type":"page","link":"https:\/\/blond.pl\/fotele\/oferta\/model-lord\/","title":{"rendered":"MODEL LORD"},"content":{"rendered":"    <!--[section]-->\n\t\t<style>\n.bd-section-1788440890{padding:10px;}\n.bd-section-1788440890{\n\tline-height:  27.2px;\n\ttext-align:  left;\n\tfont-size:  16px;\n\tcolor:  #333333;\n\tfont-weight:  400;\n}\n.bd-section-1788440890 h3{\n\tline-height:  45px;\n\tfont-size:  30px;\n\tfont-weight:  400;\n}\n.bd-section-1788440890 h2{\n\tline-height:  28.8px;\n\tcolor:  #555555;\n\tfont-size:  24px;\n\tfont-weight:  400;\n\tfont-style:  italic;\n}\n.bd-section-1788440890 h1{\n\tline-height:  86.4px;\n\tfont-size:  72px;\n\tcolor:  #36c3f2;\n\tfont-weight:  400;\n\tletter-spacing:  -2px;\n}\n\n@media (max-width: 991px) {.bd-section-1788440890 h2{\n\tline-height:  36px;\n\tfont-size:  24px;\n}\n.bd-section-1788440890 h1{\n\tline-height:  57.6px;\n\tfont-size:  48px;\n}\n}<\/style>\t\t<section id=section4 class=\" bd-section-1788440890  bd-tagstyles\" data-section-title=\"Portfolio Six Columns With Header\">\n\t\t\t<div class=\"bd-container-inner bd-margins clearfix\">\n\t\t\t\t<!--{content}-->\n\t\t\t\t\t    <!--[text]-->\n                <h1 class=\" additional-class-1825181404  bd-content-element\">\n            <!--{content}-->\n                Fotele MODEL LORD            <!--{\/content}-->\n        <\/h1>\n    <!--[\/text]-->\n     <!--[text]-->\n                <h2 class=\" additional-class-342566180  bd-content-element\">\n            <!--{content}-->\n                            <!--{\/content}-->\n        <\/h2>\n    <!--[\/text]-->\n <!--[html]--><style><\/style><div class=\"bd-tagstyles  additional-class-519776260 \"><div class=\"bd-container-inner bd-content-element\"><!--{content}-->Budowa fotela oparta na starej sprawdzonej konstrukcji fotela oferowana na rynku polskim od blisko dziesi\u0119ciu lat.<br \/>\r\n\tKonstrukcja fotela metalowa malowana proszkowo(profil stalowy).<br \/>\r\n\tKonstrukcja siedziska i oparcia wykonana ze sklejki .<br \/>\r\n\tWype\u0142nienie pianka poliuretanowa o r&oacute;\u017cnych g\u0119sto\u015bciach.<br \/>\r\n\tTapicerowanie tkanina obiciowa typ Trevira CS znana z wysokiej wytrzyma\u0142o\u015bci na \u015bcieranie i uszkodzenia (40000 cykli).<br \/>\r\n\tPod\u0142okietniki wykonane z litego buku barwione i lakierowane wed\u0142ug \u017cyczenia Klienta<br \/>\r\n\tPanel zabezpieczaj\u0105cy ty\u0142 oparcia (sklejka) oraz panel zabezpieczaj\u0105cy sp&oacute;d siedziska (opcja) barwione i lakierowane.<br \/>\r\n\tMechanizm zamykania siedziska spr\u0119\u017cynowy<br \/>\r\n\tMechanizm zamykania oparcia spr\u0119\u017cynowy<br \/>\r\n\tOznaczenia miejsc i rz\u0119d&oacute;w haft komputerowy.<br \/>\r\n\tPrezentowany model jest idealnym rozwi\u0105zaniem dla stylowych sal widowiskowych<br \/>\r\n\tw, kt&oacute;rych przewidziano zamontowanie foteli w konwencji retro.<br \/>\r\n\tJego szeroko\u015b\u0107 z boku po zamkni\u0119ciu siedziska i oparcia, kt&oacute;ra wynosi 20-24 cm sprawia<br \/>\r\n\t\u017ce mo\u017cna go montowa\u0107 w salach w kt&oacute;rych w wyniku rozmieszczenia foteli wed\u0142ug nowych przepis&oacute;w istnieje mo\u017cliwo\u015b\u0107 utraty wielu miejsc. Jest to idealne rozwi\u0105zanie do sal z wielomiejscowymi rz\u0119dami (powy\u017cej 16 miejsc) w ,kt&oacute;rych wed\u0142ug przepisu nale\u017cy dodawa\u0107 do 45cm szeroko\u015bci przej\u015bcia po1cm za ka\u017cde miejsc powy\u017cej 16 foteli.<br \/>\r\n\t<div class=\"su-spacer\" style=\"height:10px\"><\/div><div class=\"su-heading su-heading-style-default su-heading-align-center\" id=\"\" style=\"font-size:13px;margin-bottom:20px\"><div class=\"su-heading-inner\">\r\n<\/p>\r\n\r\n\r\n\r\n<h2>\r\n\tGaleria\r\n<\/h2>\r\n\r\n<p>\r\n\t<\/div><\/div><!--{\/content}--><\/div><\/div><!--[\/html]-->\t\t\t\t<!--{\/content}-->\n\t\t\t<\/div>\n\t\t<\/section>\n\t<!--[\/section]-->\n\n","protected":false},"excerpt":{"rendered":"","protected":false},"author":1,"featured_media":0,"parent":16,"menu_order":3,"comment_status":"closed","ping_status":"closed","template":"templates\/front_12.php","meta":[],"yoast_head":"<!-- This site is optimized with the Yoast SEO plugin v15.1.1 - https:\/\/yoast.com\/wordpress\/plugins\/seo\/ -->\n<title>fotele teatralne Model LORD, fotele kinowe Model LORD<\/title>\n<meta name=\"description\" content=\"Oferujemy: fotele teatralne Model LORD, fotele kinowe Model LORD, fotele audytoryjne. Firma BLOND oferuje fotele w ci\u0105g\u0142ej sprzeda\u017cy.\" \/>\n<meta name=\"robots\" content=\"index, follow, max-snippet:-1, max-image-preview:large, max-video-preview:-1\" \/>\n<link rel=\"canonical\" href=\"https:\/\/blond.pl\/fotele\/oferta\/model-lord\/\" \/>\n<meta property=\"og:locale\" content=\"pl_PL\" \/>\n<meta property=\"og:type\" content=\"article\" \/>\n<meta property=\"og:title\" content=\"fotele teatralne Model LORD, fotele kinowe Model LORD\" \/>\n<meta property=\"og:description\" content=\"Oferujemy: fotele teatralne Model LORD, fotele kinowe Model LORD, fotele audytoryjne. Firma BLOND oferuje fotele w ci\u0105g\u0142ej sprzeda\u017cy.\" \/>\n<meta property=\"og:url\" content=\"https:\/\/blond.pl\/fotele\/oferta\/model-lord\/\" \/>\n<meta property=\"og:site_name\" content=\"Fotele Blond |Fotele kinowe, fotele teatralne | Warszawa\" \/>\n<meta property=\"article:modified_time\" content=\"2020-10-11T21:44:56+00:00\" \/>\n<meta name=\"twitter:card\" content=\"summary\" \/>\n<script type=\"application\/ld+json\" class=\"yoast-schema-graph\">{\"@context\":\"https:\/\/schema.org\",\"@graph\":[{\"@type\":\"Organization\",\"@id\":\"https:\/\/blond.pl\/fotele\/#organization\",\"name\":\"Fotele - Blond, Fotele teatralne, fotele kinowe, audytoryjne\",\"url\":\"https:\/\/blond.pl\/fotele\/\",\"sameAs\":[],\"logo\":{\"@type\":\"ImageObject\",\"@id\":\"https:\/\/blond.pl\/fotele\/#logo\",\"inLanguage\":\"pl-PL\",\"url\":\"https:\/\/blond.pl\/fotele\/wp-content\/uploads\/2020\/10\/logo.gif\",\"width\":242,\"height\":101,\"caption\":\"Fotele - Blond, Fotele teatralne, fotele kinowe, audytoryjne\"},\"image\":{\"@id\":\"https:\/\/blond.pl\/fotele\/#logo\"}},{\"@type\":\"WebSite\",\"@id\":\"https:\/\/blond.pl\/fotele\/#website\",\"url\":\"https:\/\/blond.pl\/fotele\/\",\"name\":\"Fotele Blond |Fotele kinowe, fotele teatralne | Warszawa\",\"description\":\"Proponujemy: Fotele teatralne, Fotele kinowe, Fotele audytoryjne, krzes\\u0142a audytoryjne, zas\\u0142ony sceniczne, kotary, szycie zas\\u0142on i kotar scenicznych. audytoryjne\",\"publisher\":{\"@id\":\"https:\/\/blond.pl\/fotele\/#organization\"},\"potentialAction\":[{\"@type\":\"SearchAction\",\"target\":\"https:\/\/blond.pl\/fotele\/?s={search_term_string}\",\"query-input\":\"required name=search_term_string\"}],\"inLanguage\":\"pl-PL\"},{\"@type\":\"WebPage\",\"@id\":\"https:\/\/blond.pl\/fotele\/oferta\/model-lord\/#webpage\",\"url\":\"https:\/\/blond.pl\/fotele\/oferta\/model-lord\/\",\"name\":\"fotele teatralne Model LORD, fotele kinowe Model LORD\",\"isPartOf\":{\"@id\":\"https:\/\/blond.pl\/fotele\/#website\"},\"datePublished\":\"2017-02-25T01:03:46+00:00\",\"dateModified\":\"2020-10-11T21:44:56+00:00\",\"description\":\"Oferujemy: fotele teatralne Model LORD, fotele kinowe Model LORD, fotele audytoryjne. Firma BLOND oferuje fotele w ci\\u0105g\\u0142ej sprzeda\\u017cy.\",\"inLanguage\":\"pl-PL\",\"potentialAction\":[{\"@type\":\"ReadAction\",\"target\":[\"https:\/\/blond.pl\/fotele\/oferta\/model-lord\/\"]}]}]}<\/script>\n<!-- \/ Yoast SEO plugin. -->","_links":{"self":[{"href":"https:\/\/blond.pl\/fotele\/wp-json\/wp\/v2\/pages\/94"}],"collection":[{"href":"https:\/\/blond.pl\/fotele\/wp-json\/wp\/v2\/pages"}],"about":[{"href":"https:\/\/blond.pl\/fotele\/wp-json\/wp\/v2\/types\/page"}],"author":[{"embeddable":true,"href":"https:\/\/blond.pl\/fotele\/wp-json\/wp\/v2\/users\/1"}],"replies":[{"embeddable":true,"href":"https:\/\/blond.pl\/fotele\/wp-json\/wp\/v2\/comments?post=94"}],"version-history":[{"count":9,"href":"https:\/\/blond.pl\/fotele\/wp-json\/wp\/v2\/pages\/94\/revisions"}],"predecessor-version":[{"id":172,"href":"https:\/\/blond.pl\/fotele\/wp-json\/wp\/v2\/pages\/94\/revisions\/172"}],"up":[{"embeddable":true,"href":"https:\/\/blond.pl\/fotele\/wp-json\/wp\/v2\/pages\/16"}],"wp:attachment":[{"href":"https:\/\/blond.pl\/fotele\/wp-json\/wp\/v2\/media?parent=94"}],"curies":[{"name":"wp","href":"https:\/\/api.w.org\/{rel}","templated":true}]}}