{"id":6,"date":"2017-02-16T01:52:58","date_gmt":"2017-02-16T00:52:58","guid":{"rendered":"http:\/\/blond.pl\/fotele\/?page_id=6"},"modified":"2020-10-18T01:40:32","modified_gmt":"2020-10-17T23:40:32","slug":"home","status":"publish","type":"page","link":"https:\/\/blond.pl\/fotele\/","title":{"rendered":"home"},"content":{"rendered":"    <!--[section]-->\n\t\t<style>\n.bd-section-493656558{background-color:#f5f5f5;padding-bottom:4em;padding-top:4em;}\n@media (max-width: 767px) {.bd-section-493656558{padding:2em 0.3em 1em;}}\n.bd-section-493656558{\n\tline-height:  24px;\n\tfont-size:  16px;\n\ttext-align:  center;\n\tcolor:  #8f8f8f;\n\tfont-weight:  400;\n}\n.bd-section-493656558 h2{\n\tline-height:  36px;\n\tfont-size:  30px;\n\tcolor:  #269ccb;\n\tfont-weight:  400;\n\ttext-transform:  uppercase;\n}\n<\/style>\t\t<section id=section4 class=\" bd-section-493656558  bd-tagstyles\" data-section-title=\"Three Columns\">\n\t\t\t<div class=\"bd-container-inner bd-margins clearfix\">\n\t\t\t\t<!--{content}-->\n\t\t\t\t\t<!--[container_effect]--> <div class=\"container-effect container  bd-containereffect-835879176 \"><!--{content}-->    <!--[columns]-->\n        <style>\n.bd-layoutcontainer-14342398 > .bd-container-inner > .container-fluid > .row{height:calc(120%);margin:-10px;}\n.bd-layoutcontainer-14342398 > .bd-container-inner > .container-fluid > .row > div{padding:10px;}\n.bd-layoutcontainer-14342398  > .bd-container-inner > .container-fluid:after{display:none;}<\/style><style>\n.bd-layoutcontainer-14342398 > .bd-container-inner > .container-fluid, .bd-layoutcontainer-14342398 > .bd-container-inner > .container-fluid > .row{height:100%;}<\/style><style>.bd-layoutcontainer-14342398 > .bd-container-inner > .container-fluid {padding-left: 0; padding-right: 0;}<\/style>        <style>\n.bd-layoutcolumn-1220079961{background-color:#ffffff;-webkit-box-shadow:0px 1px 6px 0px rgba(51, 51, 51, 0.25);-o-box-shadow:0px 1px 6px 0px rgba(51, 51, 51, 0.25);-ms-box-shadow:0px 1px 6px 0px rgba(51, 51, 51, 0.25);-moz-box-shadow:0px 1px 6px 0px rgba(51, 51, 51, 0.25);box-shadow:0px 1px 6px 0px rgba(51, 51, 51, 0.25);padding-bottom:2em;}\n\n.bd-layoutcolumn-1725208482{background-color:#ffffff;-webkit-box-shadow:0px 1px 6px 0px rgba(51, 51, 51, 0.25);-o-box-shadow:0px 1px 6px 0px rgba(51, 51, 51, 0.25);-ms-box-shadow:0px 1px 6px 0px rgba(51, 51, 51, 0.25);-moz-box-shadow:0px 1px 6px 0px rgba(51, 51, 51, 0.25);box-shadow:0px 1px 6px 0px rgba(51, 51, 51, 0.25);padding-bottom:2em;}\n\n.bd-layoutcolumn-1904829732{background-color:#ffffff;-webkit-box-shadow:0px 1px 6px 0px rgba(51, 51, 51, 0.25);-o-box-shadow:0px 1px 6px 0px rgba(51, 51, 51, 0.25);-ms-box-shadow:0px 1px 6px 0px rgba(51, 51, 51, 0.25);-moz-box-shadow:0px 1px 6px 0px rgba(51, 51, 51, 0.25);box-shadow:0px 1px 6px 0px rgba(51, 51, 51, 0.25);padding-bottom:2em;}<\/style>        <div class=\" bd-layoutcontainer-14342398  bd-columns bd-no-margins\">\n            <div class=\"bd-container-inner\">\n                <div class=\"container-fluid\">\n                    <div class=\"row bd-row-flex bd-row-align-top\">\n                        <!--{content}-->\n                                <!--[column]-->\n        <div class=\"col-sm-4 bd-columnwrapper-1220079961\">\n            <div class=\"bd-column  bd-layoutcolumn-1220079961 \">\n                <div class=\"bd-vertical-align-wrapper\">\n                    <!--{content}-->\n                            <!--[image_scaling]-->\n        <style>\n.bd-imagescaling-1051615600.bd-imagescaling-img, .bd-imagescaling-1051615600 .bd-imagescaling-img{background-position:center center;background-repeat:no-repeat;background-size:cover;}<\/style>        <!--{content}-->\n            <!--[image]--><style>\n.additional-class-1807990371{width:100%;height:300px;}<\/style><img src=\"http:\/\/blond.pl\/fotele\/wp-content\/uploads\/2017\/02\/391e8a219c6ca31ccaac7fb2b5e49694_image7.jpg\" class=\" additional-class-1807990371 bd-imagestyles bd-own-margins bd-imagescaling  bd-imagescaling-1051615600 \"><!--{content}--><!--{\/content}--><!--[\/image]-->        <!--{\/content}-->\n    <!--[\/image_scaling]-->\n\n\t\n\t\t\n    <!--[spacer]-->\n    <style>\n.bd-spacer-431629557{height:1em;}<\/style>    <div class=\" bd-spacer-431629557  clearfix\">\n        <!--{content}--><!--{\/content}-->\n    <\/div>\n    <!--[\/spacer]-->\n\n    \n\t\n\t\t    <!--[text]-->\n        <style>\n.additional-class-285362507{height:68px;}\nh2.additional-class-285362507{\n\tline-height:  34.2857143px;\n\tfont-size:  24px;\n}\n<\/style>        <h2 class=\" additional-class-285362507  bd-content-element\">\n            <!--{content}-->\n                <a href=\"http:\/\/www.blond.com.pl\/blog\/model-univers\/\" title=\"Bezpo\u015bredni odno\u015bnik do MODEL UNIVERS\" rel=\"bookmark\" style=\"border: 0px; margin: 0px; padding: 0px; vertical-align: baseline; color: rgb(42, 143, 189);\"><b>MODEL UNIVERS<\/b><\/a><br><br>            <!--{\/content}-->\n        <\/h2>\n    <!--[\/text]-->\n\n\t\n\t\t<!--[layoutbox]--><style>\n.additional-class-870644443{padding:1em 2em;}<\/style><div class=\"clearfix  additional-class-870644443  bd-no-margins\"><div class=\"bd-container-inner\"><!--{content}-->    <!--[text]-->\n        <style>\n.additional-class-1743683313{\n\ttext-align:  center;\n}\n<\/style>        <p class=\" additional-class-1743683313  bd-content-element\">\n            <!--{content}-->\n                Fotele Univers<br>&nbsp;s\u0105 idealnym rozwi\u0105zaniem dla sal wielofunkcyjnych, \u0142atwe w zestawianiu i sk\u0142adowaniu pozwalaj\u0105 w bardo kr\u00f3tkim czasie zmienia\u0107 zadania funkcyjne sali. Konstrukcja stalowa(profile) malowana proszkowo Konstrukcja siedziska i oparcia szkielet wykonany ze sklejki Tapicerowanie pianka poliuretanowa ci\u0119ta z bloku, \u2026\n<br><br>            <!--{\/content}-->\n        <\/p>\n    <!--[\/text]-->\n\n\t\n\t\t<!--[button]--><style>\n.additional-class-556436631{position:absolute;top:87.600%;left:33.110%;right:auto;bottom:auto;}<\/style><style>.additional-class-556436631 {\n                    text-decoration: inherit;\n\t                display: inline-block;\n\t                speak: none;\n\t            }\n\n                .additional-class-556436631:before {\n                    font-family: 'Billion Web Font';\n\t                font-style: normal;\n\t                font-weight: normal;\n\t                text-decoration: inherit;\n\t                text-align: center;\n\t                text-transform: none;\n\t                width: 1em;\n                }.additional-class-556436631:before {width: auto; visibility: inherit;}.additional-class-556436631:before{display: inline-block;}<\/style><style>.additional-class-556436631:before {\n        vertical-align: middle;\n        text-decoration: none;\n    }<\/style><style>.additional-class-556436631:hover {\n                    text-decoration: inherit;\n\t                display: inline-block;\n\t                speak: none;\n\t            }\n\n                .additional-class-556436631:hover:before {\n                    font-family: 'Billion Web Font';\n\t                font-style: normal;\n\t                font-weight: normal;\n\t                text-decoration: inherit;\n\t                text-align: center;\n\t                text-transform: none;\n\t                width: 1em;\n                }.additional-class-556436631:hover:before {width: auto; visibility: inherit;}.additional-class-556436631:hover:before{display: inline-block;}<\/style><style>.additional-class-556436631:hover:before {\n        vertical-align: middle;\n        text-decoration: none;\n    }<\/style><a href=\"http:\/\/blond.pl\/fotele\/oferta\/fotele-model-univers\/\" class=\"bd-button  additional-class-556436631  bd-own-margins bd-content-element\"><!--{content}-->\nZobacz wi\u0119cej\n<!--{\/content}--><\/a><!--[\/button]--><!--{\/content}--><\/div><\/div><!--[\/layoutbox]-->                    <!--{\/content}-->\n                <\/div>\n            <\/div>\n        <\/div>\n    <!--[\/column]-->\n\n\t\n\t\t    <!--[column]-->\n        <div class=\"col-sm-4 bd-columnwrapper-1725208482\">\n            <div class=\"bd-column  bd-layoutcolumn-1725208482 \">\n                <div class=\"bd-vertical-align-wrapper\">\n                    <!--{content}-->\n                            <!--[image_scaling]-->\n        <style>\n.bd-imagescaling-609624817.bd-imagescaling-img, .bd-imagescaling-609624817 .bd-imagescaling-img{background-position:center center;background-repeat:no-repeat;background-size:cover;}<\/style>        <!--{content}-->\n            <!--[image]--><style>\n.additional-class-175540280{width:100%;height:300px;}<\/style><img src=\"http:\/\/blond.pl\/fotele\/wp-content\/uploads\/2017\/02\/34c6dc84355991840b5437aa77d42537_kot279158804.jpg\" class=\" additional-class-175540280 bd-imagestyles bd-own-margins bd-imagescaling  bd-imagescaling-609624817 \"><!--{content}--><!--{\/content}--><!--[\/image]-->        <!--{\/content}-->\n    <!--[\/image_scaling]-->\n\n\t\n\t\t\n    <!--[spacer]-->\n    <style>\n.bd-spacer-472474501{height:1em;}<\/style>    <div class=\" bd-spacer-472474501  clearfix\">\n        <!--{content}--><!--{\/content}-->\n    <\/div>\n    <!--[\/spacer]-->\n\n    \n\t\n\t\t    <!--[text]-->\n        <style>\nh2.additional-class-1257951114{\n\tline-height:  34.2857143px;\n\tfont-size:  24px;\n\tfont-weight:  bold;\n}\n<\/style>        <h2 class=\" additional-class-1257951114  bd-content-element\">\n            <!--{content}-->\n                <font color=\"#2a8fbd\"><span style=\"border-style: initial; border-color: initial; border-image: initial;\"><a href=\"http:\/\/www.blond.pl\">KOTARY<\/a><\/span><\/font>            <!--{\/content}-->\n        <\/h2>\n    <!--[\/text]-->\n\n\t\n\t\t<!--[layoutbox]--><style>\n.additional-class-1450319238{padding:1em 2em;}<\/style><div class=\"clearfix  additional-class-1450319238  bd-no-margins\"><div class=\"bd-container-inner\"><!--{content}-->    <!--[text]-->\n                <p class=\" additional-class-242567812  bd-content-element\">\n            <!--{content}-->\n                Szyjemy najwy\u017cszej jakoci kotary sceniczne wg. potrzeb Klienta Posiadamy wieloletnie do\u015bwiadczenie. Na \u017cyczenie Pa\u0144stwa przeprowadzimy pomiary doradzimy w doborze materia\u0142u. Dysponujemy r\u00f3wnie\u017c szerok\u0105 gam\u0105 mechanizm\u00f3w kotarowych r\u0119cznych i mechanicznych W naszej ofercie posiadamy kilkadziesi\u0105t wzor\u00f3w tkanin scenicznych galeria            <!--{\/content}-->\n        <\/p>\n    <!--[\/text]-->\n<!--{\/content}--><\/div><\/div><!--[\/layoutbox]-->                    <!--{\/content}-->\n                <\/div>\n            <\/div>\n        <\/div>\n    <!--[\/column]-->\n\n\t\n\t\t    <!--[column]-->\n        <div class=\"col-sm-4 bd-columnwrapper-1904829732\">\n            <div class=\"bd-column  bd-layoutcolumn-1904829732 \">\n                <div class=\"bd-vertical-align-wrapper\">\n                    <!--{content}-->\n                            <!--[image_scaling]-->\n        <style>\n.bd-imagescaling-2026057001.bd-imagescaling-img, .bd-imagescaling-2026057001 .bd-imagescaling-img{background-position:center center;background-repeat:no-repeat;background-size:cover;}<\/style>        <!--{content}-->\n            <!--[image]--><style>\n.additional-class-1314930131{width:100%;height:300px;}<\/style><img src=\"http:\/\/blond.pl\/fotele\/wp-content\/uploads\/2017\/02\/c741df095a4b861e24c3835ec0cc3b5e_kon42951656.jpg\" class=\" additional-class-1314930131 bd-imagestyles bd-own-margins bd-imagescaling  bd-imagescaling-2026057001 \"><!--{content}--><!--{\/content}--><!--[\/image]-->        <!--{\/content}-->\n    <!--[\/image_scaling]-->\n\n\t\n\t\t\n    <!--[spacer]-->\n    <style>\n.bd-spacer-146253276{height:1em;}<\/style>    <div class=\" bd-spacer-146253276  clearfix\">\n        <!--{content}--><!--{\/content}-->\n    <\/div>\n    <!--[\/spacer]-->\n\n    \n\t\n\t\t    <!--[text]-->\n        <style>\nh2.additional-class-623331477{\n\tline-height:  34.2857143px;\n\tfont-size:  24px;\n\tfont-weight:  bold;\n}\n<\/style>        <h2 class=\" additional-class-623331477  bd-content-element\">\n            <!--{content}-->\n                <a href=\"http:\/\/www.blond.com.pl\/blog\/technika-sceniczna\/\" title=\"Bezpo\u015bredni odno\u015bnik do KONSTRUKCJE SCENICZNE\" rel=\"bookmark\" style=\"border: 0px; margin: 0px; padding: 0px; vertical-align: baseline; color: rgb(42, 143, 189);\">KONSTRUKCJE SCENICZNE<\/a>            <!--{\/content}-->\n        <\/h2>\n    <!--[\/text]-->\n\n\t\n\t\t<!--[layoutbox]--><style>\n.additional-class-1298441075{padding:1em 2em;}<\/style><div class=\"clearfix  additional-class-1298441075  bd-no-margins\"><div class=\"bd-container-inner\"><!--{content}-->    <!--[text]-->\n                <p class=\" additional-class-944838367  bd-content-element\">\n            <!--{content}-->\n                Firma posiada w swojej ofercie r\u00f3wnie\u017c konstrukcje wyposa\u017cenia scen:<br>&nbsp;- trawersy aluminiowe lub stalowe<br>&nbsp;- mechanizmy do opuszczania trawers\u00f3w elektryczne ,r\u0119czne(korba) lub r\u0119czne linowe&nbsp;<br>- mechanizmy sztankiet\u00f3w aluminiowe lub stalowe z ruchomym przegubem pozwalaj\u0105cym w dowolny spos\u00f3b ustawi\u0107 k\u0105t zawieszenia sztankietu \u2026            <!--{\/content}-->\n        <\/p>\n    <!--[\/text]-->\n<!--{\/content}--><\/div><\/div><!--[\/layoutbox]-->                    <!--{\/content}-->\n                <\/div>\n            <\/div>\n        <\/div>\n    <!--[\/column]-->\n                        <!--{\/content}-->\n                    <\/div>\n                <\/div>\n            <\/div>\n        <\/div>\n    <!--[\/columns]-->\n<!--{\/content}--><\/div><!--[\/container_effect]-->\t\t\t\t<!--{\/content}-->\n\t\t\t<\/div>\n\t\t<\/section>\n\t<!--[\/section]-->\n\n<!--[overlay]--><style>\n.bd-textureoverlay-1205748631:before{background-color:#000000;opacity:0.26;}\n@media (max-width: 767px) {.bd-textureoverlay-1205748631:before{opacity:0.5;}}<\/style><!--{content}-->    <!--[parallax_background]-->\n        <style>.bd-parallax-bg-effect > .bd-section-1482372715 {\n            background-color: transparent;\n            z-index: 0;\n        }<\/style>        <div class=\" bd-parallax-bg-178612444  bd-parallax-bg-effect\" data-control-selector=\".bd-section-1482372715\">\n            <!--{content}-->\n                    <!--[section]-->\n\t\t<style>\n.bd-section-1482372715{background-position:center center;background-attachment:scroll;background-repeat:repeat;background-image:url(http:\/\/blond.pl\/fotele\/wp-content\/uploads\/2017\/02\/c9efbc7cdb56ddc417e20d1cb62392ce_scenic123499931.jpg);background-size:cover;padding:8em 0px;}\n@media (max-width: 767px) {.bd-section-1482372715{padding-left:0px;padding-bottom:3em;padding-top:3em;}}\n.bd-section-1482372715{\n\tline-height:  22.85714286px;\n\tcolor:  #ffffff;\n\tfont-size:  16px;\n\tfont-weight:  300;\n}\n.bd-section-1482372715 h4{\n\tline-height:  70.00000002px;\n\tcolor:  #ffffff;\n\tfont-size:  49px;\n\tfont-weight:  300;\n}\n.bd-section-1482372715 h3{\n\tline-height:  71.42857145px;\n\tfont-size:  50px;\n\tcolor:  #ffffff;\n\tfont-weight:  600;\n\ttext-transform:  uppercase;\n}\n\n@media (max-width: 1199px) {.bd-section-1482372715 h3{\n\tline-height:  85.71428574px;\n\tfont-size:  60px;\n}\n}\n@media (max-width: 991px) {.bd-section-1482372715 h4{\n\tmargin-top:  0px;\n\tmargin-bottom:  0px;\n}\n.bd-section-1482372715 h3{\n\tline-height:  63.7px;\n\tmargin-top:  0px;\n\ttext-align:  left;\n\tmargin-bottom:  0px;\n\tfont-size:  49px;\n}\n}\n@media (max-width: 767px) {.bd-section-1482372715 h4{\n\tline-height:  44.2857143px;\n\tfont-size:  31px;\n}\n.bd-section-1482372715 h3{\n\tline-height:  42.85714287px;\n\tfont-size:  30px;\n}\n}<\/style>\t\t<section id=section3 class=\" bd-section-1482372715 bd-tagstyles bd-textureoverlay  bd-textureoverlay-1205748631 \" data-section-title=\"Row Full Page Image Text Right\">\n\t\t\t<div class=\"bd-container-inner bd-margins clearfix\">\n\t\t\t\t<!--{content}-->\n\t\t\t\t\t<!--[layoutbox]--><style>\n.additional-class-737339403{padding-right:1em;padding-left:1em;width:65%;margin-left:0px;margin-right:auto;}\n@media (max-width: 991px) {.additional-class-737339403{width:70%;}}\n@media (max-width: 767px) {.additional-class-737339403{width:100%;padding:10px;}}<\/style><div class=\"clearfix  additional-class-737339403  bd-no-margins bd-no-margins\"><div class=\"bd-container-inner\"><!--{content}-->    <!--[text]-->\n        <style>\n.additional-class-686374160{margin-left:1em;}\n@media (max-width: 767px) {.additional-class-686374160{margin-left:0.7em;}}<\/style>        <h4 class=\" additional-class-686374160  bd-no-margins bd-content-element\">\n            <!--{content}-->\n                Kolory materia\u0142\u00f3w            <!--{\/content}-->\n        <\/h4>\n    <!--[\/text]-->\n\n\t\n\t\t    <!--[text]-->\n        <style>\n.additional-class-1423486054{margin-left:1em;}\n@media (max-width: 1199px) {.additional-class-1423486054{margin-left:0.8em;}}\n@media (max-width: 991px) {.additional-class-1423486054{margin-left:1em;padding:0px;}}\n@media (max-width: 767px) {.additional-class-1423486054{margin-left:0.7em;}}<\/style>        <h3 class=\" additional-class-1423486054  bd-no-margins bd-content-element\">\n            <!--{content}-->\n                Du\u017cy wyb\u00f3r            <!--{\/content}-->\n        <\/h3>\n    <!--[\/text]-->\n\n\t\n\t\t    <!--[text]-->\n        <style>\n.additional-class-470275897{margin-left:3.3em;}\n@media (max-width: 767px) {.additional-class-470275897{margin-left:1.3em;}}<\/style>        <p class=\" additional-class-470275897  bd-no-margins bd-content-element\">\n            <!--{content}-->\n                Sprawd\u017a nas a spe\u0142nimy twoje marzenia o pi\u0119knych fotelach, kotarach i wyposa\u017ceniu dodatkowym            <!--{\/content}-->\n        <\/p>\n    <!--[\/text]-->\n<!--{\/content}--><\/div><\/div><!--[\/layoutbox]-->\t\t\t\t<!--{\/content}-->\n\t\t\t<\/div>\n\t\t<\/section>\n\t<!--[\/section]-->\n            <!--{\/content}-->\n        <\/div>\n    <!--[\/parallax_background]-->\n<!--{\/content}--><!--[\/overlay]-->\n    <!--[section]-->\n\t\t\t\t<section id=section4 class=\" bd-section-1201343287  bd-tagstyles\" data-section-title=\"One \u0421olumn\">\n\t\t\t<div class=\"bd-container-inner bd-margins clearfix\">\n\t\t\t\t<!--{content}-->\n\t\t\t\t\t    <!--[columns]-->\n        <style>\n.bd-layoutcontainer-263561124  > .bd-container-inner > .container-fluid:after{display:none;}<\/style><style>\n.bd-layoutcontainer-263561124 > .bd-container-inner > .container-fluid, .bd-layoutcontainer-263561124 > .bd-container-inner > .container-fluid > .row{height:100%;}<\/style><style>.bd-layoutcontainer-263561124 > .bd-container-inner > .container-fluid {padding-left: 0; padding-right: 0;}<\/style>        <style><\/style>        <div class=\" bd-layoutcontainer-263561124  bd-columns bd-no-margins\">\n            <div class=\"bd-container-inner\">\n                <div class=\"container-fluid\">\n                    <div class=\"row bd-row-flex bd-row-align-middle\">\n                        <!--{content}-->\n                                <!--[column]-->\n        <div class=\"col-xs-12 bd-columnwrapper-1693192421\">\n            <div class=\"bd-column  bd-layoutcolumn-1693192421 \">\n                <div class=\"bd-vertical-align-wrapper\">\n                    <!--{content}-->\n                                            <!--{\/content}-->\n                <\/div>\n            <\/div>\n        <\/div>\n    <!--[\/column]-->\n                        <!--{\/content}-->\n                    <\/div>\n                <\/div>\n            <\/div>\n        <\/div>\n    <!--[\/columns]-->\n\t\t\t\t<!--{\/content}-->\n\t\t\t<\/div>\n\t\t<\/section>\n\t<!--[\/section]-->\n\n","protected":false},"excerpt":{"rendered":"","protected":false},"author":1,"featured_media":0,"parent":0,"menu_order":0,"comment_status":"closed","ping_status":"closed","template":"","meta":[],"yoast_head":"<!-- This site is optimized with the Yoast SEO plugin v15.1.1 - https:\/\/yoast.com\/wordpress\/plugins\/seo\/ -->\n<title>BLOND Fotele Kinowe, Fotele teatralne produkcja, sprzeda\u017c.<\/title>\n<meta name=\"description\" content=\"Oferujemy du\u017cy wyb\u00f3r foteli teatralnych oraz foteli kinowych fotel. Produkcja fotele kinowe fotele teatralne, stanowiska audytoryjne\" \/>\n<meta name=\"robots\" content=\"index, follow, max-snippet:-1, max-image-preview:large, max-video-preview:-1\" \/>\n<link rel=\"canonical\" href=\"https:\/\/blond.pl\/fotele\/\" \/>\n<meta property=\"og:locale\" content=\"pl_PL\" \/>\n<meta property=\"og:type\" content=\"article\" \/>\n<meta property=\"og:title\" content=\"BLOND Fotele Kinowe, Fotele teatralne produkcja, sprzeda\u017c.\" \/>\n<meta property=\"og:description\" content=\"Oferujemy du\u017cy wyb\u00f3r foteli teatralnych oraz foteli kinowych fotel. Produkcja fotele kinowe fotele teatralne, stanowiska audytoryjne\" \/>\n<meta property=\"og:url\" content=\"https:\/\/blond.pl\/fotele\/\" \/>\n<meta property=\"og:site_name\" content=\"Fotele Blond |Fotele kinowe, fotele teatralne | Warszawa\" \/>\n<meta property=\"article:modified_time\" content=\"2020-10-17T23:40:32+00:00\" \/>\n<meta name=\"twitter:card\" content=\"summary\" \/>\n<script type=\"application\/ld+json\" class=\"yoast-schema-graph\">{\"@context\":\"https:\/\/schema.org\",\"@graph\":[{\"@type\":\"Organization\",\"@id\":\"https:\/\/blond.pl\/fotele\/#organization\",\"name\":\"Fotele - Blond, Fotele teatralne, fotele kinowe, audytoryjne\",\"url\":\"https:\/\/blond.pl\/fotele\/\",\"sameAs\":[],\"logo\":{\"@type\":\"ImageObject\",\"@id\":\"https:\/\/blond.pl\/fotele\/#logo\",\"inLanguage\":\"pl-PL\",\"url\":\"https:\/\/blond.pl\/fotele\/wp-content\/uploads\/2020\/10\/logo.gif\",\"width\":242,\"height\":101,\"caption\":\"Fotele - Blond, Fotele teatralne, fotele kinowe, audytoryjne\"},\"image\":{\"@id\":\"https:\/\/blond.pl\/fotele\/#logo\"}},{\"@type\":\"WebSite\",\"@id\":\"https:\/\/blond.pl\/fotele\/#website\",\"url\":\"https:\/\/blond.pl\/fotele\/\",\"name\":\"Fotele Blond |Fotele kinowe, fotele teatralne | Warszawa\",\"description\":\"Proponujemy: Fotele teatralne, Fotele kinowe, Fotele audytoryjne, krzes\\u0142a audytoryjne, zas\\u0142ony sceniczne, kotary, szycie zas\\u0142on i kotar scenicznych. audytoryjne\",\"publisher\":{\"@id\":\"https:\/\/blond.pl\/fotele\/#organization\"},\"potentialAction\":[{\"@type\":\"SearchAction\",\"target\":\"https:\/\/blond.pl\/fotele\/?s={search_term_string}\",\"query-input\":\"required name=search_term_string\"}],\"inLanguage\":\"pl-PL\"},{\"@type\":\"WebPage\",\"@id\":\"https:\/\/blond.pl\/fotele\/#webpage\",\"url\":\"https:\/\/blond.pl\/fotele\/\",\"name\":\"BLOND Fotele Kinowe, Fotele teatralne produkcja, sprzeda\\u017c.\",\"isPartOf\":{\"@id\":\"https:\/\/blond.pl\/fotele\/#website\"},\"datePublished\":\"2017-02-16T00:52:58+00:00\",\"dateModified\":\"2020-10-17T23:40:32+00:00\",\"description\":\"Oferujemy du\\u017cy wyb\\u00f3r foteli teatralnych oraz foteli kinowych fotel. Produkcja fotele kinowe fotele teatralne, stanowiska audytoryjne\",\"inLanguage\":\"pl-PL\",\"potentialAction\":[{\"@type\":\"ReadAction\",\"target\":[\"https:\/\/blond.pl\/fotele\/\"]}]}]}<\/script>\n<!-- \/ Yoast SEO plugin. -->","_links":{"self":[{"href":"https:\/\/blond.pl\/fotele\/wp-json\/wp\/v2\/pages\/6"}],"collection":[{"href":"https:\/\/blond.pl\/fotele\/wp-json\/wp\/v2\/pages"}],"about":[{"href":"https:\/\/blond.pl\/fotele\/wp-json\/wp\/v2\/types\/page"}],"author":[{"embeddable":true,"href":"https:\/\/blond.pl\/fotele\/wp-json\/wp\/v2\/users\/1"}],"replies":[{"embeddable":true,"href":"https:\/\/blond.pl\/fotele\/wp-json\/wp\/v2\/comments?post=6"}],"version-history":[{"count":18,"href":"https:\/\/blond.pl\/fotele\/wp-json\/wp\/v2\/pages\/6\/revisions"}],"predecessor-version":[{"id":185,"href":"https:\/\/blond.pl\/fotele\/wp-json\/wp\/v2\/pages\/6\/revisions\/185"}],"wp:attachment":[{"href":"https:\/\/blond.pl\/fotele\/wp-json\/wp\/v2\/media?parent=6"}],"curies":[{"name":"wp","href":"https:\/\/api.w.org\/{rel}","templated":true}]}}