{"id":20,"date":"2017-02-23T23:39:31","date_gmt":"2017-02-23T22:39:31","guid":{"rendered":"http:\/\/blond.pl\/fotele\/?page_id=20"},"modified":"2020-10-18T01:30:37","modified_gmt":"2020-10-17T23:30:37","slug":"model-grace","status":"publish","type":"page","link":"https:\/\/blond.pl\/fotele\/oferta\/model-grace\/","title":{"rendered":"Fotele kinowe i teatralne &#8211; MODEL GRACE"},"content":{"rendered":"    <!--[section]-->\n\t\t<style>\n.bd-section-1930258878{padding:10px;}\n.bd-section-1930258878{\n\tline-height:  27.2px;\n\ttext-align:  left;\n\tfont-size:  16px;\n\tcolor:  #333333;\n\tfont-weight:  400;\n}\n.bd-section-1930258878 h3{\n\tline-height:  45px;\n\tfont-size:  30px;\n\tfont-weight:  400;\n}\n.bd-section-1930258878 h2{\n\tline-height:  28.8px;\n\tcolor:  #555555;\n\tfont-size:  24px;\n\tfont-weight:  400;\n\tfont-style:  italic;\n}\n.bd-section-1930258878 h1{\n\tline-height:  86.4px;\n\tfont-size:  72px;\n\tcolor:  #36c3f2;\n\tfont-weight:  400;\n\tletter-spacing:  -2px;\n}\n\n@media (max-width: 991px) {.bd-section-1930258878 h2{\n\tline-height:  36px;\n\tfont-size:  24px;\n}\n.bd-section-1930258878 h1{\n\tline-height:  57.6px;\n\tfont-size:  48px;\n}\n}<\/style>\t\t<section id=section4 class=\" bd-section-1930258878  bd-tagstyles\" data-section-title=\"Portfolio Six Columns With Header\">\n\t\t\t<div class=\"bd-container-inner bd-margins clearfix\">\n\t\t\t\t<!--{content}-->\n\t\t\t\t\t    <!--[text]-->\n                <h1 class=\" additional-class-1950769848  bd-content-element\">\n            <!--{content}-->\n                Fotele MODEL GRACE            <!--{\/content}-->\n        <\/h1>\n    <!--[\/text]-->\n\r\n\t\r\n\t\t    <!--[text]-->\n                <h2 class=\" additional-class-333998092  bd-content-element\">\n            <!--{content}-->\n                            <!--{\/content}-->\n        <\/h2>\n    <!--[\/text]-->\n\r\n\t\r\n\t\t<!--[html]--><style><\/style><div class=\"bd-tagstyles  additional-class-822289000 \"><div class=\"bd-container-inner bd-content-element\"><!--{content}--><p><\/p>\r\n\r\n<p>\r\n\t&nbsp;\r\n<\/p>\r\n\r\n<p>\r\n\tFotele te s\u0105 idealnym rozwi\u0105zaniem dla sal widowiskowych teatr\u00f3w i kin.<br>\r\n\tJest najnowocze\u015bniejsza konstrukcja fotela osadzona na jednej nodze centralnej<br>\r\n\tPrzewy\u017cszaj\u0105ca swoja praktyczno\u015bci\u0105 powszechnie stosowane konstrukcje foteli oparte na nogach wsp\u00f3lnych dla dw\u00f3ch foteli<br>\r\n\tKonstrukcja stalowa(profile) noga metalowa centralna malowana proszkowo.<br>\r\n\tKa\u017cdy fotel stanowi indywidualn\u0105 konstrukcje, co pozwala na demonta\u017c pojedynczych foteli bez potrzeby rozpinania ca\u0142ego rz\u0119du.<br>\r\n\tOsadzenie fotela na jednej nodze centralnej jest idealnym rozwi\u0105zaniem w salach gdzie zachodzi potrzeba monta\u017cu foteli po \u0142uku w rz\u0119dach.<br>\r\n\tKonstrukcja siedziska i oparcia stalowy szkielet z zatopionymi w piance z pasami lub spr\u0119\u017cynami.<br>\r\n\tTapicerowanie pianka poliuretanowa odlewana i formowana na zimno o niespotykanej ergonomii<br>\r\n\tTkanina obiciowa Trevira CS wyst\u0119puj\u0105ca w systemie trzywarstwowym typu ,,sandwich\u201d znana z wysokiej wytrzyma\u0142o\u015bci na \u015bcieranie ( 40000cykli).<br>\r\n\tTapicerowanie za pomoc\u0105 pokrowc\u00f3w zamykanych na suwak lub rzepy, \u0142atwe w zdejmowaniu, co pozwala na szybk\u0105 wymian\u0119 lub pranie.<br>\r\n\tSzeroko\u015b\u0107 w osi pod\u0142okietnik\u00f3w od 50-56 cm przy zachowaniu dobrej ergonomii nawet dla os\u00f3b o wi\u0119kszych gabarytach . Mo\u017cliwo\u015b\u0107 montowania foteli o r\u00f3\u017cnej szeroko\u015bci osiowej na jednej sali pozwala cz\u0119sto umie\u015bci\u0107 du\u017co wi\u0119ksz\u0105 liczb\u0119 foteli od zak\u0142adanej.<br>\r\n\tSzeroko\u015b\u0107 osiowa dowolna uzyskiwana przez rozsuni\u0119cie pod\u0142okietnik\u00f3w.<br>\r\n\tPod\u0142okietniki tapicerowane, plastikowe lub wykonane z litego buku barwione i lakierowane wed\u0142ug \u017cyczenia Klienta.<br>\r\n\tMechanizm zamykania siedziska spr\u0119\u017cynowy stosowany przez wiod\u0105ce firmy \u015awiatowe<br>\r\n\tOpcjonalnie panele zabezpieczaj\u0105ce ty\u0142 oparcia i sp\u00f3d siedziska wykonane ze sklejki barwione i lakierowane wed\u0142ug \u017cyczenia Klienta<br>\r\n\tOznaczenia numer\u00f3w miejsc i rz\u0119d\u00f3w haft komputerowy.<br>\r\n\tNASZYM ZDANIEM TO NAJWYGODNIEJSZY FOTEL NA RYNKU<br>\r\n\tI CHO\u0106 KONKURENCJA ROBI WSZYSTKO BY ZNIECH\u0118CI\u0106 POTENCJALNYCH NABYWC\u00d3W<br>\r\n\tOPOWADAJ\u0104\u0106 \u017bE DU\u017bO STABILNIEJSZY JEST FOTEL NA DW\u00d3CH NOGACH SKRAJNYCH<br>\r\n\tTO I TAK WIDA\u0106 \u017bE W CA\u0141YM RZ\u0118DZIE TA TEZA NIE MA UZASADNIENIA<br>\r\n\tW RZ\u0118DZIE GDZIE FOTELE MAJ\u0104 NOGI WSP\u00d3LNE DLA S\u0104SIADUJ\u0104CYCH FOTELI JEST TYLKO O JEDN\u0104 NOG\u0118 WI\u0118CEJ TZ KO\u0143CZ\u0104C\u0104<br>\r\n\tPOWSZECHNIE WIADOMO \u017bE FOTEL NA NODZE CENTRALNEJ JEST BADZO PEWNYM ROZWI\u0104ZANIEM IDEALNY DO MONTOWANIA PULPIT\u00d3W W POD\u0141OKIETNIKACH A TRUDNO\u015a\u0106 WYKONANIA TAKIEJ KONSTRUKCJI ORAZ KOSZTY ODSTRASZA WIELU PRODUCENT\u00d3W\r\n<\/p>\r\n\r\n<h1>\r\n\tGALERIA\r\n<\/h1>\r\n\r\n\n\t\t<style type=\"text\/css\">\n\t\t\t#gallery-1 {\n\t\t\t\tmargin: auto;\n\t\t\t}\n\t\t\t#gallery-1 .gallery-item {\n\t\t\t\tfloat: left;\n\t\t\t\tmargin-top: 10px;\n\t\t\t\ttext-align: center;\n\t\t\t\twidth: 20%;\n\t\t\t}\n\t\t\t#gallery-1 img {\n\t\t\t\tborder: 2px solid #cfcfcf;\n\t\t\t}\n\t\t\t#gallery-1 .gallery-caption {\n\t\t\t\tmargin-left: 0;\n\t\t\t}\n\t\t\t\/* see gallery_shortcode() in wp-includes\/media.php *\/\n\t\t<\/style>\n\t\t<div id='gallery-1' class='gallery galleryid-20 gallery-columns-5 gallery-size-thumbnail'><dl class='gallery-item'>\n\t\t\t<dt class='gallery-icon landscape'>\n\t\t\t\t<a href='https:\/\/blond.pl\/fotele\/wp-content\/uploads\/2017\/02\/image-33.jpg' title=\"\" data-rl_title=\"\" class=\"rl-gallery-link\" data-rl_caption=\"\" data-rel=\"lightbox-gallery-1\"><img width=\"150\" height=\"150\" src=\"https:\/\/blond.pl\/fotele\/wp-content\/uploads\/2017\/02\/image-33-150x150.jpg\" class=\"attachment-thumbnail size-thumbnail\" alt=\"\" loading=\"lazy\" \/><\/a>\n\t\t\t<\/dt><\/dl><dl class='gallery-item'>\n\t\t\t<dt class='gallery-icon landscape'>\n\t\t\t\t<a href='https:\/\/blond.pl\/fotele\/wp-content\/uploads\/2017\/02\/image-51.jpg' title=\"\" data-rl_title=\"\" class=\"rl-gallery-link\" data-rl_caption=\"\" data-rel=\"lightbox-gallery-1\"><img width=\"150\" height=\"150\" src=\"https:\/\/blond.pl\/fotele\/wp-content\/uploads\/2017\/02\/image-51-150x150.jpg\" class=\"attachment-thumbnail size-thumbnail\" alt=\"\" loading=\"lazy\" \/><\/a>\n\t\t\t<\/dt><\/dl><dl class='gallery-item'>\n\t\t\t<dt class='gallery-icon landscape'>\n\t\t\t\t<a href='https:\/\/blond.pl\/fotele\/wp-content\/uploads\/2017\/02\/image-41.jpg' title=\"\" data-rl_title=\"\" class=\"rl-gallery-link\" data-rl_caption=\"\" data-rel=\"lightbox-gallery-1\"><img width=\"150\" height=\"150\" src=\"https:\/\/blond.pl\/fotele\/wp-content\/uploads\/2017\/02\/image-41-150x150.jpg\" class=\"attachment-thumbnail size-thumbnail\" alt=\"\" loading=\"lazy\" \/><\/a>\n\t\t\t<\/dt><\/dl><dl class='gallery-item'>\n\t\t\t<dt class='gallery-icon portrait'>\n\t\t\t\t<a href='https:\/\/blond.pl\/fotele\/wp-content\/uploads\/2017\/02\/image-23-1.jpg' title=\"\" data-rl_title=\"\" class=\"rl-gallery-link\" data-rl_caption=\"\" data-rel=\"lightbox-gallery-1\"><img width=\"150\" height=\"150\" src=\"https:\/\/blond.pl\/fotele\/wp-content\/uploads\/2017\/02\/image-23-1-150x150.jpg\" class=\"attachment-thumbnail size-thumbnail\" alt=\"\" loading=\"lazy\" \/><\/a>\n\t\t\t<\/dt><\/dl><dl class='gallery-item'>\n\t\t\t<dt class='gallery-icon landscape'>\n\t\t\t\t<a href='https:\/\/blond.pl\/fotele\/wp-content\/uploads\/2017\/02\/image-13.jpg' title=\"\" data-rl_title=\"\" class=\"rl-gallery-link\" data-rl_caption=\"\" data-rel=\"lightbox-gallery-1\"><img width=\"150\" height=\"150\" src=\"https:\/\/blond.pl\/fotele\/wp-content\/uploads\/2017\/02\/image-13-150x150.jpg\" class=\"attachment-thumbnail size-thumbnail\" alt=\"\" loading=\"lazy\" \/><\/a>\n\t\t\t<\/dt><\/dl><br style=\"clear: both\" \/><dl class='gallery-item'>\n\t\t\t<dt class='gallery-icon landscape'>\n\t\t\t\t<a href='https:\/\/blond.pl\/fotele\/wp-content\/uploads\/2017\/02\/image-6.jpg' title=\"\" data-rl_title=\"\" class=\"rl-gallery-link\" data-rl_caption=\"\" data-rel=\"lightbox-gallery-1\"><img width=\"150\" height=\"150\" src=\"https:\/\/blond.pl\/fotele\/wp-content\/uploads\/2017\/02\/image-6-150x150.jpg\" class=\"attachment-thumbnail size-thumbnail\" alt=\"\" loading=\"lazy\" \/><\/a>\n\t\t\t<\/dt><\/dl><dl class='gallery-item'>\n\t\t\t<dt class='gallery-icon landscape'>\n\t\t\t\t<a href='https:\/\/blond.pl\/fotele\/wp-content\/uploads\/2017\/02\/image3.jpg' title=\"\" data-rl_title=\"\" class=\"rl-gallery-link\" data-rl_caption=\"\" data-rel=\"lightbox-gallery-1\"><img width=\"150\" height=\"150\" src=\"https:\/\/blond.pl\/fotele\/wp-content\/uploads\/2017\/02\/image3-150x150.jpg\" class=\"attachment-thumbnail size-thumbnail\" alt=\"\" loading=\"lazy\" \/><\/a>\n\t\t\t<\/dt><\/dl>\n\t\t\t<br style='clear: both' \/>\n\t\t<\/div>\n\r\n\r\n<p>\r\n\t&nbsp;\r\n<\/p>\r\n\r\n<p>\r\n\t<\/p><!--{\/content}--><\/div><\/div><!--[\/html]-->\t\t\t\t<!--{\/content}-->\n\t\t\t<\/div>\n\t\t<\/section>\n\t<!--[\/section]-->\n\n","protected":false},"excerpt":{"rendered":"","protected":false},"author":1,"featured_media":0,"parent":16,"menu_order":0,"comment_status":"closed","ping_status":"closed","template":"templates\/front_12.php","meta":[],"yoast_head":"<!-- This site is optimized with the Yoast SEO plugin v15.1.1 - https:\/\/yoast.com\/wordpress\/plugins\/seo\/ -->\n<title>fotele teatralne i kinowe model GRACE- Fotele teatralne Warszawa<\/title>\n<meta name=\"description\" content=\"fotele teatralne, fotele kinowe, fotele audytoryjne , Warszawa, komfortowe fotele kinowe i teatralne, produkcja i sprzeda\u017c\" \/>\n<meta name=\"robots\" content=\"index, follow, max-snippet:-1, max-image-preview:large, max-video-preview:-1\" \/>\n<link rel=\"canonical\" href=\"https:\/\/blond.pl\/fotele\/oferta\/model-grace\/\" \/>\n<meta property=\"og:locale\" content=\"pl_PL\" \/>\n<meta property=\"og:type\" content=\"article\" \/>\n<meta property=\"og:title\" content=\"fotele teatralne i kinowe model GRACE- Fotele teatralne Warszawa\" \/>\n<meta property=\"og:description\" content=\"fotele teatralne, fotele kinowe, fotele audytoryjne , Warszawa, komfortowe fotele kinowe i teatralne, produkcja i sprzeda\u017c\" \/>\n<meta property=\"og:url\" content=\"https:\/\/blond.pl\/fotele\/oferta\/model-grace\/\" \/>\n<meta property=\"og:site_name\" content=\"Fotele Blond |Fotele kinowe, fotele teatralne | Warszawa\" \/>\n<meta property=\"article:modified_time\" content=\"2020-10-17T23:30:37+00:00\" \/>\n<meta name=\"twitter:card\" content=\"summary\" \/>\n<script type=\"application\/ld+json\" class=\"yoast-schema-graph\">{\"@context\":\"https:\/\/schema.org\",\"@graph\":[{\"@type\":\"Organization\",\"@id\":\"https:\/\/blond.pl\/fotele\/#organization\",\"name\":\"Fotele - Blond, Fotele teatralne, fotele kinowe, audytoryjne\",\"url\":\"https:\/\/blond.pl\/fotele\/\",\"sameAs\":[],\"logo\":{\"@type\":\"ImageObject\",\"@id\":\"https:\/\/blond.pl\/fotele\/#logo\",\"inLanguage\":\"pl-PL\",\"url\":\"https:\/\/blond.pl\/fotele\/wp-content\/uploads\/2020\/10\/logo.gif\",\"width\":242,\"height\":101,\"caption\":\"Fotele - Blond, Fotele teatralne, fotele kinowe, audytoryjne\"},\"image\":{\"@id\":\"https:\/\/blond.pl\/fotele\/#logo\"}},{\"@type\":\"WebSite\",\"@id\":\"https:\/\/blond.pl\/fotele\/#website\",\"url\":\"https:\/\/blond.pl\/fotele\/\",\"name\":\"Fotele Blond |Fotele kinowe, fotele teatralne | Warszawa\",\"description\":\"Proponujemy: Fotele teatralne, Fotele kinowe, Fotele audytoryjne, krzes\\u0142a audytoryjne, zas\\u0142ony sceniczne, kotary, szycie zas\\u0142on i kotar scenicznych. audytoryjne\",\"publisher\":{\"@id\":\"https:\/\/blond.pl\/fotele\/#organization\"},\"potentialAction\":[{\"@type\":\"SearchAction\",\"target\":\"https:\/\/blond.pl\/fotele\/?s={search_term_string}\",\"query-input\":\"required name=search_term_string\"}],\"inLanguage\":\"pl-PL\"},{\"@type\":\"WebPage\",\"@id\":\"https:\/\/blond.pl\/fotele\/oferta\/model-grace\/#webpage\",\"url\":\"https:\/\/blond.pl\/fotele\/oferta\/model-grace\/\",\"name\":\"fotele teatralne i kinowe model GRACE- Fotele teatralne Warszawa\",\"isPartOf\":{\"@id\":\"https:\/\/blond.pl\/fotele\/#website\"},\"datePublished\":\"2017-02-23T22:39:31+00:00\",\"dateModified\":\"2020-10-17T23:30:37+00:00\",\"description\":\"fotele teatralne, fotele kinowe, fotele audytoryjne , Warszawa, komfortowe fotele kinowe i teatralne, produkcja i sprzeda\\u017c\",\"inLanguage\":\"pl-PL\",\"potentialAction\":[{\"@type\":\"ReadAction\",\"target\":[\"https:\/\/blond.pl\/fotele\/oferta\/model-grace\/\"]}]}]}<\/script>\n<!-- \/ Yoast SEO plugin. -->","_links":{"self":[{"href":"https:\/\/blond.pl\/fotele\/wp-json\/wp\/v2\/pages\/20"}],"collection":[{"href":"https:\/\/blond.pl\/fotele\/wp-json\/wp\/v2\/pages"}],"about":[{"href":"https:\/\/blond.pl\/fotele\/wp-json\/wp\/v2\/types\/page"}],"author":[{"embeddable":true,"href":"https:\/\/blond.pl\/fotele\/wp-json\/wp\/v2\/users\/1"}],"replies":[{"embeddable":true,"href":"https:\/\/blond.pl\/fotele\/wp-json\/wp\/v2\/comments?post=20"}],"version-history":[{"count":19,"href":"https:\/\/blond.pl\/fotele\/wp-json\/wp\/v2\/pages\/20\/revisions"}],"predecessor-version":[{"id":179,"href":"https:\/\/blond.pl\/fotele\/wp-json\/wp\/v2\/pages\/20\/revisions\/179"}],"up":[{"embeddable":true,"href":"https:\/\/blond.pl\/fotele\/wp-json\/wp\/v2\/pages\/16"}],"wp:attachment":[{"href":"https:\/\/blond.pl\/fotele\/wp-json\/wp\/v2\/media?parent=20"}],"curies":[{"name":"wp","href":"https:\/\/api.w.org\/{rel}","templated":true}]}}