{"id":18,"date":"2017-02-23T23:38:20","date_gmt":"2017-02-23T22:38:20","guid":{"rendered":"http:\/\/blond.pl\/fotele\/?page_id=18"},"modified":"2020-10-18T01:33:37","modified_gmt":"2020-10-17T23:33:37","slug":"grace-cpecial","status":"publish","type":"page","link":"https:\/\/blond.pl\/fotele\/oferta\/grace-cpecial\/","title":{"rendered":"Fotele Kinowe i teatralne &#8211; GRACE CPECIAL"},"content":{"rendered":"    <!--[section]-->\n\t\t<style>\n.bd-section-477619514{padding:10px;}\n.bd-section-477619514{\n\tline-height:  27.2px;\n\ttext-align:  left;\n\tfont-size:  16px;\n\tcolor:  #333333;\n\tfont-weight:  400;\n}\n.bd-section-477619514 h3{\n\tline-height:  45px;\n\tfont-size:  30px;\n\tfont-weight:  400;\n}\n.bd-section-477619514 h2{\n\tline-height:  28.8px;\n\tcolor:  #555555;\n\tfont-size:  24px;\n\tfont-weight:  400;\n\tfont-style:  italic;\n}\n.bd-section-477619514 h1{\n\tline-height:  86.4px;\n\tfont-size:  72px;\n\tcolor:  #36c3f2;\n\tfont-weight:  400;\n\tletter-spacing:  -2px;\n}\n\n@media (max-width: 991px) {.bd-section-477619514 h2{\n\tline-height:  36px;\n\tfont-size:  24px;\n}\n.bd-section-477619514 h1{\n\tline-height:  57.6px;\n\tfont-size:  48px;\n}\n}<\/style>\t\t<section id=section4 class=\" bd-section-477619514  bd-tagstyles\" data-section-title=\"Portfolio Six Columns With Header\">\n\t\t\t<div class=\"bd-container-inner bd-margins clearfix\">\n\t\t\t\t<!--{content}-->\n\t\t\t\t\t    <!--[text]-->\n                <h1 class=\" additional-class-1771026875  bd-content-element\">\n            <!--{content}-->\n                Fotele teatralne i kinowe MODEL GRACE CPECIAL            <!--{\/content}-->\n        <\/h1>\n    <!--[\/text]-->\n\r\n\r\n    <!--[text]-->\n                <h2 class=\" additional-class-893770051  bd-content-element\">\n            <!--{content}-->\n                            <!--{\/content}-->\n        <\/h2>\n    <!--[\/text]-->\n\r\n\r\n<!--[html]--><style><\/style><div class=\"bd-tagstyles  additional-class-1367918167 \"><div class=\"bd-container-inner bd-content-element\"><!--{content}-->Przedstawiamy modyfikacj\u0119 mod Grace<br \/>\r\n\tpoprzez zmian\u0119 technologii wytwarzania oparcia fotela na tz&rdquo; tradycyjn\u0105&rdquo;<br \/>\r\n\tKonstrukcje oparcia stanowi formatka sklejkowa o idealnyn wyprofilowaniu (wz&oacute;r zastrze\u017cony)<br \/>\r\n\ttapicerowanie metod\u0105 tradycyjn\u0105 pianka plus tkanina obiciowa Trevira CS w zestawie typu sanwich<br \/>\r\n\ttechnologia ta pozwala wytwarza\u0107 dowolny kszta\u0142t i wysoko\u015b\u0107 oparcia<br \/>\r\n\tma to istotne znaczenie w salach gdzie g\u0142&oacute;wn\u0105 cz\u0119\u015b\u0107 widowni stanowi\u0105 dzieci<br \/>\r\n\tfotele o niskim oparciu 80-85 cm s\u0105 bardzo poszukiwane na rynku\r\n<\/p>\r\nGALERIA<!--{\/content}--><\/div><\/div><!--[\/html]-->\t\t\t\t<!--{\/content}-->\n\t\t\t<\/div>\n\t\t<\/section>\n\t<!--[\/section]-->\n\n","protected":false},"excerpt":{"rendered":"","protected":false},"author":1,"featured_media":0,"parent":16,"menu_order":0,"comment_status":"closed","ping_status":"closed","template":"templates\/front_17.php","meta":[],"yoast_head":"<!-- This site is optimized with the Yoast SEO plugin v15.1.1 - https:\/\/yoast.com\/wordpress\/plugins\/seo\/ -->\n<title>Fotele teatralne, Fotele kinowe GRACE CPECIAL - BLOND<\/title>\n<meta name=\"description\" content=\"Oferujemy: Fotele kinowe, fotele teatralne, stanowiska audytoryjne, Blond produkcja i sprzeda\u017c foteli teatralnych i kinowych\" \/>\n<meta name=\"robots\" content=\"index, follow, max-snippet:-1, max-image-preview:large, max-video-preview:-1\" \/>\n<link rel=\"canonical\" href=\"https:\/\/blond.pl\/fotele\/oferta\/grace-cpecial\/\" \/>\n<meta property=\"og:locale\" content=\"pl_PL\" \/>\n<meta property=\"og:type\" content=\"article\" \/>\n<meta property=\"og:title\" content=\"Fotele teatralne, Fotele kinowe GRACE CPECIAL - BLOND\" \/>\n<meta property=\"og:description\" content=\"Oferujemy: Fotele kinowe, fotele teatralne, stanowiska audytoryjne, Blond produkcja i sprzeda\u017c foteli teatralnych i kinowych\" \/>\n<meta property=\"og:url\" content=\"https:\/\/blond.pl\/fotele\/oferta\/grace-cpecial\/\" \/>\n<meta property=\"og:site_name\" content=\"Fotele Blond |Fotele kinowe, fotele teatralne | Warszawa\" \/>\n<meta property=\"article:modified_time\" content=\"2020-10-17T23:33:37+00:00\" \/>\n<meta name=\"twitter:card\" content=\"summary\" \/>\n<script type=\"application\/ld+json\" class=\"yoast-schema-graph\">{\"@context\":\"https:\/\/schema.org\",\"@graph\":[{\"@type\":\"Organization\",\"@id\":\"https:\/\/blond.pl\/fotele\/#organization\",\"name\":\"Fotele - Blond, Fotele teatralne, fotele kinowe, audytoryjne\",\"url\":\"https:\/\/blond.pl\/fotele\/\",\"sameAs\":[],\"logo\":{\"@type\":\"ImageObject\",\"@id\":\"https:\/\/blond.pl\/fotele\/#logo\",\"inLanguage\":\"pl-PL\",\"url\":\"https:\/\/blond.pl\/fotele\/wp-content\/uploads\/2020\/10\/logo.gif\",\"width\":242,\"height\":101,\"caption\":\"Fotele - Blond, Fotele teatralne, fotele kinowe, audytoryjne\"},\"image\":{\"@id\":\"https:\/\/blond.pl\/fotele\/#logo\"}},{\"@type\":\"WebSite\",\"@id\":\"https:\/\/blond.pl\/fotele\/#website\",\"url\":\"https:\/\/blond.pl\/fotele\/\",\"name\":\"Fotele Blond |Fotele kinowe, fotele teatralne | Warszawa\",\"description\":\"Proponujemy: Fotele teatralne, Fotele kinowe, Fotele audytoryjne, krzes\\u0142a audytoryjne, zas\\u0142ony sceniczne, kotary, szycie zas\\u0142on i kotar scenicznych. audytoryjne\",\"publisher\":{\"@id\":\"https:\/\/blond.pl\/fotele\/#organization\"},\"potentialAction\":[{\"@type\":\"SearchAction\",\"target\":\"https:\/\/blond.pl\/fotele\/?s={search_term_string}\",\"query-input\":\"required name=search_term_string\"}],\"inLanguage\":\"pl-PL\"},{\"@type\":\"WebPage\",\"@id\":\"https:\/\/blond.pl\/fotele\/oferta\/grace-cpecial\/#webpage\",\"url\":\"https:\/\/blond.pl\/fotele\/oferta\/grace-cpecial\/\",\"name\":\"Fotele teatralne, Fotele kinowe GRACE CPECIAL - BLOND\",\"isPartOf\":{\"@id\":\"https:\/\/blond.pl\/fotele\/#website\"},\"datePublished\":\"2017-02-23T22:38:20+00:00\",\"dateModified\":\"2020-10-17T23:33:37+00:00\",\"description\":\"Oferujemy: Fotele kinowe, fotele teatralne, stanowiska audytoryjne, Blond produkcja i sprzeda\\u017c foteli teatralnych i kinowych\",\"inLanguage\":\"pl-PL\",\"potentialAction\":[{\"@type\":\"ReadAction\",\"target\":[\"https:\/\/blond.pl\/fotele\/oferta\/grace-cpecial\/\"]}]}]}<\/script>\n<!-- \/ Yoast SEO plugin. -->","_links":{"self":[{"href":"https:\/\/blond.pl\/fotele\/wp-json\/wp\/v2\/pages\/18"}],"collection":[{"href":"https:\/\/blond.pl\/fotele\/wp-json\/wp\/v2\/pages"}],"about":[{"href":"https:\/\/blond.pl\/fotele\/wp-json\/wp\/v2\/types\/page"}],"author":[{"embeddable":true,"href":"https:\/\/blond.pl\/fotele\/wp-json\/wp\/v2\/users\/1"}],"replies":[{"embeddable":true,"href":"https:\/\/blond.pl\/fotele\/wp-json\/wp\/v2\/comments?post=18"}],"version-history":[{"count":12,"href":"https:\/\/blond.pl\/fotele\/wp-json\/wp\/v2\/pages\/18\/revisions"}],"predecessor-version":[{"id":181,"href":"https:\/\/blond.pl\/fotele\/wp-json\/wp\/v2\/pages\/18\/revisions\/181"}],"up":[{"embeddable":true,"href":"https:\/\/blond.pl\/fotele\/wp-json\/wp\/v2\/pages\/16"}],"wp:attachment":[{"href":"https:\/\/blond.pl\/fotele\/wp-json\/wp\/v2\/media?parent=18"}],"curies":[{"name":"wp","href":"https:\/\/api.w.org\/{rel}","templated":true}]}}