{"id":120,"date":"2017-02-25T02:49:34","date_gmt":"2017-02-25T01:49:34","guid":{"rendered":"http:\/\/blond.pl\/fotele\/?page_id=120"},"modified":"2020-10-11T23:44:38","modified_gmt":"2020-10-11T21:44:38","slug":"model-univers","status":"publish","type":"page","link":"https:\/\/blond.pl\/fotele\/oferta\/model-univers\/","title":{"rendered":"model UNIVERS"},"content":{"rendered":"    <!--[section]-->\n\t\t<style>\n.bd-section-1665208487{padding:10px;}\n.bd-section-1665208487{\n\tline-height:  27.2px;\n\ttext-align:  left;\n\tfont-size:  16px;\n\tcolor:  #333333;\n\tfont-weight:  400;\n}\n.bd-section-1665208487 h3{\n\tline-height:  45px;\n\tfont-size:  30px;\n\tfont-weight:  400;\n}\n.bd-section-1665208487 h2{\n\tline-height:  28.8px;\n\tcolor:  #555555;\n\tfont-size:  24px;\n\tfont-weight:  400;\n\tfont-style:  italic;\n}\n.bd-section-1665208487 h1{\n\tline-height:  86.4px;\n\tfont-size:  72px;\n\tcolor:  #36c3f2;\n\tfont-weight:  400;\n\tletter-spacing:  -2px;\n}\n\n@media (max-width: 991px) {.bd-section-1665208487 h2{\n\tline-height:  36px;\n\tfont-size:  24px;\n}\n.bd-section-1665208487 h1{\n\tline-height:  57.6px;\n\tfont-size:  48px;\n}\n}<\/style>\t\t<section id=section4 class=\" bd-section-1665208487  bd-tagstyles\" data-section-title=\"Portfolio Six Columns With Header\">\n\t\t\t<div class=\"bd-container-inner bd-margins clearfix\">\n\t\t\t\t<!--{content}-->\n\t\t\t\t\t    <!--[text]-->\n                <h1 class=\" additional-class-72489566  bd-content-element\">\n            <!--{content}-->\n                Fotele MODEL UNIVERS            <!--{\/content}-->\n        <\/h1>\n    <!--[\/text]-->\n     <!--[text]-->\n                <h2 class=\" additional-class-962724222  bd-content-element\">\n            <!--{content}-->\n                            <!--{\/content}-->\n        <\/h2>\n    <!--[\/text]-->\n <!--[html]--><style><\/style><div class=\"bd-tagstyles  additional-class-584207021 \"><div class=\"bd-container-inner bd-content-element\"><!--{content}-->Fotele te s\u0105 idealnym rozwi\u0105zaniem dla sal wielofunkcyjnych, \u0142atwe w zestawianiu i sk\u0142adowaniu pozwalaj\u0105 w bardo kr\u00f3tkim czasie zmienia\u0107 zadania funkcyjne sali.<br \/>\r\nKonstrukcja stalowa(profile) malowana proszkowo<br \/>\r\nKonstrukcja siedziska i oparcia szkielet wykonany ze sklejki<br \/>\r\nTapicerowanie pianka poliuretanowa ci\u0119ta z bloku, r\u00f3\u017cne g\u0119sto\u015bci dla siedziska i oparcia.<br \/>\r\nTkanina obiciowa Trevira CS wyst\u0119puj\u0105ca w systemie trzywarstwowym typu-sanwich znana z wysokiej wytrzyma\u0142o\u015bci na \u015bcieranie ( 40000cykli).<br \/>\r\nSzeroko\u015b\u0107 w osi pod\u0142okietnik\u00f3w od 50 cm przy zachowaniu dobrej ergonomii nawet dla os\u00f3b o wi\u0119kszych gabarytach pozwala cz\u0119sto umie\u015bci\u0107 du\u017co wi\u0119ksz\u0105 liczb\u0119 foteli od przewidywanej.<br \/>\r\nPod\u0142okietniki tapicerowane lub wykonane z litego buku barwione i lakierowane wed\u0142ug \u017cyczenia Klienta.<br \/>\r\nMechanizm zamykania siedziska grawitacyjny.<br \/>\r\nOpcjonalnie panele zabezpieczaj\u0105ce ty\u0142 oparcia i sp\u00f3d siedziska wykonane ze sklejki barwione i lakierowane wed\u0142ug \u017cyczenia Klienta\r\nOznaczenia numer\u00f3w miejsc i rz\u0119d\u00f3w haft komputerowy<br \/>\r\nFotele wyst\u0119puj\u0105 w zestawach po dwa, trzy lub cztery miejsca.<br \/>\r\nZestawy s\u0105 samostoj\u0105ce, \u0142\u0105czone w rz\u0119dach i mi\u0119dzy rz\u0119dami (dystanse antypaniczne)<br \/>\r\nFotele mog\u0105 by\u0107 trwale mocowane do pod\u0142o\u017ca w tym przypadku spe\u0142niaj\u0105 rol\u0119 typowych foteli widowiskowych.<br \/>\r\nMo\u017cliwo\u015b\u0107 sk\u0142adowania do czterech kondygnacji w dowolnym miejscu lub na w\u00f3zkach, co daje mo\u017cliwo\u015b\u0107 swobodnego przemieszczania zestaw\u00f3w.<br \/>\r\nProponowany system foteli jest idealnym rozwi\u0105zaniem dla sal wielofunkcyjnych .<br \/>\r\nIdealnie proponowane fotele sprawdzaj\u0105 si\u0119 jako pierwsze rz\u0119dy w salach teatralnych gdzie cz\u0119sto istnieje potrzeba rozbudowy proscenium.<br \/>\r\nFotele mog\u0105 by\u0107 ustawiane na stopniach jak r\u00f3wnie\u017c na trybunach ruchomych.<br \/>\r\n\t<div class=\"su-spacer\" style=\"height:10px\"><\/div><div class=\"su-heading su-heading-style-default su-heading-align-center\" id=\"\" style=\"font-size:13px;margin-bottom:20px\"><div class=\"su-heading-inner\">\r\n<\/p>\r\n\r\n\r\n\r\n<h2>\r\n\tGaleria\r\n<\/h2>\r\n\r\n<p>\r\n\t<\/div><\/div><!--{\/content}--><\/div><\/div><!--[\/html]-->\t\t\t\t<!--{\/content}-->\n\t\t\t<\/div>\n\t\t<\/section>\n\t<!--[\/section]-->\n\n","protected":false},"excerpt":{"rendered":"","protected":false},"author":1,"featured_media":0,"parent":16,"menu_order":7,"comment_status":"closed","ping_status":"closed","template":"templates\/front_12.php","meta":[],"yoast_head":"<!-- This site is optimized with the Yoast SEO plugin v15.1.1 - https:\/\/yoast.com\/wordpress\/plugins\/seo\/ -->\n<title>model UNIVERS | Fotele Blond |Fotele kinowe, fotele teatralne | Warszawa<\/title>\n<meta name=\"robots\" content=\"index, follow, max-snippet:-1, max-image-preview:large, max-video-preview:-1\" \/>\n<link rel=\"canonical\" href=\"https:\/\/blond.pl\/fotele\/oferta\/model-univers\/\" \/>\n<meta property=\"og:locale\" content=\"pl_PL\" \/>\n<meta property=\"og:type\" content=\"article\" \/>\n<meta property=\"og:title\" content=\"model UNIVERS | Fotele Blond |Fotele kinowe, fotele teatralne | Warszawa\" \/>\n<meta property=\"og:url\" content=\"https:\/\/blond.pl\/fotele\/oferta\/model-univers\/\" \/>\n<meta property=\"og:site_name\" content=\"Fotele Blond |Fotele kinowe, fotele teatralne | Warszawa\" \/>\n<meta property=\"article:modified_time\" content=\"2020-10-11T21:44:38+00:00\" \/>\n<meta name=\"twitter:card\" content=\"summary\" \/>\n<script type=\"application\/ld+json\" class=\"yoast-schema-graph\">{\"@context\":\"https:\/\/schema.org\",\"@graph\":[{\"@type\":\"Organization\",\"@id\":\"https:\/\/blond.pl\/fotele\/#organization\",\"name\":\"Fotele - Blond, Fotele teatralne, fotele kinowe, audytoryjne\",\"url\":\"https:\/\/blond.pl\/fotele\/\",\"sameAs\":[],\"logo\":{\"@type\":\"ImageObject\",\"@id\":\"https:\/\/blond.pl\/fotele\/#logo\",\"inLanguage\":\"pl-PL\",\"url\":\"https:\/\/blond.pl\/fotele\/wp-content\/uploads\/2020\/10\/logo.gif\",\"width\":242,\"height\":101,\"caption\":\"Fotele - Blond, Fotele teatralne, fotele kinowe, audytoryjne\"},\"image\":{\"@id\":\"https:\/\/blond.pl\/fotele\/#logo\"}},{\"@type\":\"WebSite\",\"@id\":\"https:\/\/blond.pl\/fotele\/#website\",\"url\":\"https:\/\/blond.pl\/fotele\/\",\"name\":\"Fotele Blond |Fotele kinowe, fotele teatralne | Warszawa\",\"description\":\"Proponujemy: Fotele teatralne, Fotele kinowe, Fotele audytoryjne, krzes\\u0142a audytoryjne, zas\\u0142ony sceniczne, kotary, szycie zas\\u0142on i kotar scenicznych. audytoryjne\",\"publisher\":{\"@id\":\"https:\/\/blond.pl\/fotele\/#organization\"},\"potentialAction\":[{\"@type\":\"SearchAction\",\"target\":\"https:\/\/blond.pl\/fotele\/?s={search_term_string}\",\"query-input\":\"required name=search_term_string\"}],\"inLanguage\":\"pl-PL\"},{\"@type\":\"WebPage\",\"@id\":\"https:\/\/blond.pl\/fotele\/oferta\/model-univers\/#webpage\",\"url\":\"https:\/\/blond.pl\/fotele\/oferta\/model-univers\/\",\"name\":\"model UNIVERS | Fotele Blond |Fotele kinowe, fotele teatralne | Warszawa\",\"isPartOf\":{\"@id\":\"https:\/\/blond.pl\/fotele\/#website\"},\"datePublished\":\"2017-02-25T01:49:34+00:00\",\"dateModified\":\"2020-10-11T21:44:38+00:00\",\"inLanguage\":\"pl-PL\",\"potentialAction\":[{\"@type\":\"ReadAction\",\"target\":[\"https:\/\/blond.pl\/fotele\/oferta\/model-univers\/\"]}]}]}<\/script>\n<!-- \/ Yoast SEO plugin. -->","_links":{"self":[{"href":"https:\/\/blond.pl\/fotele\/wp-json\/wp\/v2\/pages\/120"}],"collection":[{"href":"https:\/\/blond.pl\/fotele\/wp-json\/wp\/v2\/pages"}],"about":[{"href":"https:\/\/blond.pl\/fotele\/wp-json\/wp\/v2\/types\/page"}],"author":[{"embeddable":true,"href":"https:\/\/blond.pl\/fotele\/wp-json\/wp\/v2\/users\/1"}],"replies":[{"embeddable":true,"href":"https:\/\/blond.pl\/fotele\/wp-json\/wp\/v2\/comments?post=120"}],"version-history":[{"count":3,"href":"https:\/\/blond.pl\/fotele\/wp-json\/wp\/v2\/pages\/120\/revisions"}],"predecessor-version":[{"id":171,"href":"https:\/\/blond.pl\/fotele\/wp-json\/wp\/v2\/pages\/120\/revisions\/171"}],"up":[{"embeddable":true,"href":"https:\/\/blond.pl\/fotele\/wp-json\/wp\/v2\/pages\/16"}],"wp:attachment":[{"href":"https:\/\/blond.pl\/fotele\/wp-json\/wp\/v2\/media?parent=120"}],"curies":[{"name":"wp","href":"https:\/\/api.w.org\/{rel}","templated":true}]}}