{"id":117,"date":"2017-02-25T02:45:29","date_gmt":"2017-02-25T01:45:29","guid":{"rendered":"http:\/\/blond.pl\/fotele\/?page_id=117"},"modified":"2020-10-11T23:44:21","modified_gmt":"2020-10-11T21:44:21","slug":"model-retro","status":"publish","type":"page","link":"https:\/\/blond.pl\/fotele\/oferta\/model-retro\/","title":{"rendered":"model RETRO"},"content":{"rendered":"    <!--[section]-->\n\t\t<style>\n.bd-section-912324741{padding:10px;}\n.bd-section-912324741{\n\tline-height:  27.2px;\n\ttext-align:  left;\n\tfont-size:  16px;\n\tcolor:  #333333;\n\tfont-weight:  400;\n}\n.bd-section-912324741 h3{\n\tline-height:  45px;\n\tfont-size:  30px;\n\tfont-weight:  400;\n}\n.bd-section-912324741 h2{\n\tline-height:  28.8px;\n\tcolor:  #555555;\n\tfont-size:  24px;\n\tfont-weight:  400;\n\tfont-style:  italic;\n}\n.bd-section-912324741 h1{\n\tline-height:  86.4px;\n\tfont-size:  72px;\n\tcolor:  #36c3f2;\n\tfont-weight:  400;\n\tletter-spacing:  -2px;\n}\n\n@media (max-width: 991px) {.bd-section-912324741 h2{\n\tline-height:  36px;\n\tfont-size:  24px;\n}\n.bd-section-912324741 h1{\n\tline-height:  57.6px;\n\tfont-size:  48px;\n}\n}<\/style>\t\t<section id=section4 class=\" bd-section-912324741  bd-tagstyles\" data-section-title=\"Portfolio Six Columns With Header\">\n\t\t\t<div class=\"bd-container-inner bd-margins clearfix\">\n\t\t\t\t<!--{content}-->\n\t\t\t\t\t    <!--[text]-->\n                <h1 class=\" additional-class-1520563056  bd-content-element\">\n            <!--{content}-->\n                Fotele MODEL RETROL            <!--{\/content}-->\n        <\/h1>\n    <!--[\/text]-->\n     <!--[text]-->\n                <h2 class=\" additional-class-1398722879  bd-content-element\">\n            <!--{content}-->\n                            <!--{\/content}-->\n        <\/h2>\n    <!--[\/text]-->\n <!--[html]--><style><\/style><div class=\"bd-tagstyles  additional-class-958812256 \"><div class=\"bd-container-inner bd-content-element\"><!--{content}-->Stara sprawdzona konstrukcja fotela oferowana na rynku polskim od blisko dziesi\u0119ciu lat.<br \/>\r\nKonstrukcja fotela metalowa malowana proszkowo(profil stalowy).<br \/>\r\nKonstrukcja siedziska i oparcia wykonana ze sklejki .<br \/>\r\nWype\u0142nienie pianka poliuretanowa o r\u00f3\u017cnych g\u0119sto\u015bciach.<br \/>\r\nTapicerowanie tkanina obiciowa typ Trevira CS znana z wysokiej wytrzyma\u0142o\u015bci na \u015bcieranie i uszkodzenia (40000 cykli).\r\nPod\u0142okietniki wykonane z litego buku barwione i lakierowane wed\u0142ug \u017cyczenia Klienta<br \/>\r\nPanel zabezpieczaj\u0105cy ty\u0142 oparcia (sklejka) oraz panel zabezpieczaj\u0105cy sp\u00f3d siedziska (opcja) barwione i lakierowane.<br \/>\r\nMechanizm zamykania siedziska spr\u0119\u017cynowy<br \/>\r\nOznaczenia miejsc i rz\u0119d\u00f3w haft komputerowy.<br \/>\r\nPrezentowany model jest idealnym rozwi\u0105zaniem dla stylowych sal widowiskowych\r\nw ,kt\u00f3rych przewidziano zamontowanie foteli w konwencji retro.<br \/>\r\n\t<div class=\"su-spacer\" style=\"height:10px\"><\/div><div class=\"su-heading su-heading-style-default su-heading-align-center\" id=\"\" style=\"font-size:13px;margin-bottom:20px\"><div class=\"su-heading-inner\">\r\n<\/p>\r\n\r\n\r\n\r\n<h2>\r\n\tGaleria\r\n<\/h2>\r\n\r\n<p>\r\n\t<\/div><\/div><!--{\/content}--><\/div><\/div><!--[\/html]-->\t\t\t\t<!--{\/content}-->\n\t\t\t<\/div>\n\t\t<\/section>\n\t<!--[\/section]-->\n\n","protected":false},"excerpt":{"rendered":"","protected":false},"author":1,"featured_media":0,"parent":16,"menu_order":6,"comment_status":"closed","ping_status":"closed","template":"templates\/front_17.php","meta":[],"yoast_head":"<!-- This site is optimized with the Yoast SEO plugin v15.1.1 - https:\/\/yoast.com\/wordpress\/plugins\/seo\/ -->\n<title>model RETRO | Fotele Blond |Fotele kinowe, fotele teatralne | Warszawa<\/title>\n<meta name=\"robots\" content=\"index, follow, max-snippet:-1, max-image-preview:large, max-video-preview:-1\" \/>\n<link rel=\"canonical\" href=\"https:\/\/blond.pl\/fotele\/oferta\/model-retro\/\" \/>\n<meta property=\"og:locale\" content=\"pl_PL\" \/>\n<meta property=\"og:type\" content=\"article\" \/>\n<meta property=\"og:title\" content=\"model RETRO | Fotele Blond |Fotele kinowe, fotele teatralne | Warszawa\" \/>\n<meta property=\"og:url\" content=\"https:\/\/blond.pl\/fotele\/oferta\/model-retro\/\" \/>\n<meta property=\"og:site_name\" content=\"Fotele Blond |Fotele kinowe, fotele teatralne | Warszawa\" \/>\n<meta property=\"article:modified_time\" content=\"2020-10-11T21:44:21+00:00\" \/>\n<meta name=\"twitter:card\" content=\"summary\" \/>\n<script type=\"application\/ld+json\" class=\"yoast-schema-graph\">{\"@context\":\"https:\/\/schema.org\",\"@graph\":[{\"@type\":\"Organization\",\"@id\":\"https:\/\/blond.pl\/fotele\/#organization\",\"name\":\"Fotele - Blond, Fotele teatralne, fotele kinowe, audytoryjne\",\"url\":\"https:\/\/blond.pl\/fotele\/\",\"sameAs\":[],\"logo\":{\"@type\":\"ImageObject\",\"@id\":\"https:\/\/blond.pl\/fotele\/#logo\",\"inLanguage\":\"pl-PL\",\"url\":\"https:\/\/blond.pl\/fotele\/wp-content\/uploads\/2020\/10\/logo.gif\",\"width\":242,\"height\":101,\"caption\":\"Fotele - Blond, Fotele teatralne, fotele kinowe, audytoryjne\"},\"image\":{\"@id\":\"https:\/\/blond.pl\/fotele\/#logo\"}},{\"@type\":\"WebSite\",\"@id\":\"https:\/\/blond.pl\/fotele\/#website\",\"url\":\"https:\/\/blond.pl\/fotele\/\",\"name\":\"Fotele Blond |Fotele kinowe, fotele teatralne | Warszawa\",\"description\":\"Proponujemy: Fotele teatralne, Fotele kinowe, Fotele audytoryjne, krzes\\u0142a audytoryjne, zas\\u0142ony sceniczne, kotary, szycie zas\\u0142on i kotar scenicznych. audytoryjne\",\"publisher\":{\"@id\":\"https:\/\/blond.pl\/fotele\/#organization\"},\"potentialAction\":[{\"@type\":\"SearchAction\",\"target\":\"https:\/\/blond.pl\/fotele\/?s={search_term_string}\",\"query-input\":\"required name=search_term_string\"}],\"inLanguage\":\"pl-PL\"},{\"@type\":\"WebPage\",\"@id\":\"https:\/\/blond.pl\/fotele\/oferta\/model-retro\/#webpage\",\"url\":\"https:\/\/blond.pl\/fotele\/oferta\/model-retro\/\",\"name\":\"model RETRO | Fotele Blond |Fotele kinowe, fotele teatralne | Warszawa\",\"isPartOf\":{\"@id\":\"https:\/\/blond.pl\/fotele\/#website\"},\"datePublished\":\"2017-02-25T01:45:29+00:00\",\"dateModified\":\"2020-10-11T21:44:21+00:00\",\"inLanguage\":\"pl-PL\",\"potentialAction\":[{\"@type\":\"ReadAction\",\"target\":[\"https:\/\/blond.pl\/fotele\/oferta\/model-retro\/\"]}]}]}<\/script>\n<!-- \/ Yoast SEO plugin. -->","_links":{"self":[{"href":"https:\/\/blond.pl\/fotele\/wp-json\/wp\/v2\/pages\/117"}],"collection":[{"href":"https:\/\/blond.pl\/fotele\/wp-json\/wp\/v2\/pages"}],"about":[{"href":"https:\/\/blond.pl\/fotele\/wp-json\/wp\/v2\/types\/page"}],"author":[{"embeddable":true,"href":"https:\/\/blond.pl\/fotele\/wp-json\/wp\/v2\/users\/1"}],"replies":[{"embeddable":true,"href":"https:\/\/blond.pl\/fotele\/wp-json\/wp\/v2\/comments?post=117"}],"version-history":[{"count":3,"href":"https:\/\/blond.pl\/fotele\/wp-json\/wp\/v2\/pages\/117\/revisions"}],"predecessor-version":[{"id":170,"href":"https:\/\/blond.pl\/fotele\/wp-json\/wp\/v2\/pages\/117\/revisions\/170"}],"up":[{"embeddable":true,"href":"https:\/\/blond.pl\/fotele\/wp-json\/wp\/v2\/pages\/16"}],"wp:attachment":[{"href":"https:\/\/blond.pl\/fotele\/wp-json\/wp\/v2\/media?parent=117"}],"curies":[{"name":"wp","href":"https:\/\/api.w.org\/{rel}","templated":true}]}}