{"id":112,"date":"2017-02-25T02:36:59","date_gmt":"2017-02-25T01:36:59","guid":{"rendered":"http:\/\/blond.pl\/fotele\/?page_id=112"},"modified":"2020-10-11T23:44:02","modified_gmt":"2020-10-11T21:44:02","slug":"model-millenium-tapi","status":"publish","type":"page","link":"https:\/\/blond.pl\/fotele\/oferta\/model-millenium-tapi\/","title":{"rendered":"model MILLENIUM TAPI"},"content":{"rendered":"    <!--[section]-->\n\t\t<style>\n.bd-section-962446850{padding:10px;}\n.bd-section-962446850{\n\tline-height:  27.2px;\n\ttext-align:  left;\n\tfont-size:  16px;\n\tcolor:  #333333;\n\tfont-weight:  400;\n}\n.bd-section-962446850 h3{\n\tline-height:  45px;\n\tfont-size:  30px;\n\tfont-weight:  400;\n}\n.bd-section-962446850 h2{\n\tline-height:  28.8px;\n\tcolor:  #555555;\n\tfont-size:  24px;\n\tfont-weight:  400;\n\tfont-style:  italic;\n}\n.bd-section-962446850 h1{\n\tline-height:  86.4px;\n\tfont-size:  72px;\n\tcolor:  #36c3f2;\n\tfont-weight:  400;\n\tletter-spacing:  -2px;\n}\n\n@media (max-width: 991px) {.bd-section-962446850 h2{\n\tline-height:  36px;\n\tfont-size:  24px;\n}\n.bd-section-962446850 h1{\n\tline-height:  57.6px;\n\tfont-size:  48px;\n}\n}<\/style>\t\t<section id=section4 class=\" bd-section-962446850  bd-tagstyles\" data-section-title=\"Portfolio Six Columns With Header\">\n\t\t\t<div class=\"bd-container-inner bd-margins clearfix\">\n\t\t\t\t<!--{content}-->\n\t\t\t\t\t    <!--[text]-->\n                <h1 class=\" additional-class-1268338255  bd-content-element\">\n            <!--{content}-->\n                Fotele MODEL MILLENIUM TAPI            <!--{\/content}-->\n        <\/h1>\n    <!--[\/text]-->\n     <!--[text]-->\n                <h2 class=\" additional-class-347499681  bd-content-element\">\n            <!--{content}-->\n                            <!--{\/content}-->\n        <\/h2>\n    <!--[\/text]-->\n <!--[html]--><style><\/style><div class=\"bd-tagstyles  additional-class-231534237 \"><div class=\"bd-container-inner bd-content-element\"><!--{content}-->Fotele te s\u0105 idealnym rozwi\u0105zaniem dla sal audytoryjnych<br \/>\r\nKonstrukcja stalowa(profile), noga metalowa malowana proszkowo.<br \/>\r\nSiedzisko i oparcie wykonane ze sklejki, barwione i lakierowane wed\u0142ug \u017cyczenia Klienta.<br \/>\r\nProfile sklejkowe u\u017cywane do produkcji siedziska i oparcia s\u0105 naszymi zastrze\u017conymi wzorami.<br \/>\r\nFakt ten pozwala nam uzyska\u0107 stanowisko audytoryjne o wspania\u0142ej ergonomii i du\u017cym komforcie siedzenia przewy\u017cszaj\u0105ce pod tym wzgl\u0119dem produkty innych producent\u00f3w.<br \/>\r\nMechanizm zamykania siedziska spr\u0119\u017cynowy z wypor\u0105 antywy\u0142amaniow\u0105( jedyne tego typu rozwi\u0105zanie) wed\u0142ug klient\u00f3w uwa\u017cane za jednio z najlepszych na rynku.<br \/>\r\nZastosowanie wymienionego mechanizmu sprawi\u0142o, \u017ce zamykanie siedziska jest praktycznie bezd\u017awi\u0119czne.<br \/>\r\nStandardowo stanowisko audytoryjne wyposa\u017cone jest w stolik montowany za oparciem<br \/>\r\nStolik to bardzo nowoczesne rozwi\u0105zani typ,,antypanic\u201d po lekkim uniesieniu domyka si\u0119 samoczynnie.<br \/>\r\nKonstrukcj\u0119 stolika stanowi\u0105 elementy metalowe po\u0142\u0105czone za pomoc\u0105 specjalnie do tego celu stworzonych tulei i specjalistycznych nit\u00f3w. Ca\u0142o\u015b\u0107 daje bardzo solidny efekt cichej i niezawodnej pracy w po\u0142\u0105czeniu z bezpiecze\u0144stwem u\u017cytkownika (os\u0142ony na palce).<br \/>\r\nBlat stolika wykonany ze sklejki lub p\u0142yty melaminowej.<br \/><br \/>\r\n\r\nJako dodatek pod\u0142okietnik wykonany z litego buku.<br \/>\r\nW modelach tapicerowanych zastosowano piank\u0119 poliuretanow\u0105 oraz tkanin\u0119 obiciowa Trevita CS jako uk\u0142ad tapicerski odporny na \u015bcieranie i uszkodzenia(40000 cykli)<br \/>\r\nOznaczenia numer\u00f3w miejsc i rz\u0119d\u00f3w haft komputerowy(opcja).<br \/>\r\nDodatkowo istnieje mo\u017cliwo\u015b\u0107 wyposa\u017cenia foteli w stoik do pisania typu ,,antypanic\u201d montowany i chowany w pod\u0142okietniku z przodu jest to idealne rozwi\u0105zanie dla os\u00f3b siedz\u0105cych w pierwszym rz\u0119dzie dla kt\u00f3rych dot\u0105d montowano dodatkowy rz\u0105d jako konstrukcj\u0119 dla stolik\u00f3w(mo\u017cna tak utworzy\u0107 te\u017c wygodne stanowiska dla os\u00f3b niepe\u0142nosprawnych).<br \/>\r\nNasza firma jako jedyna proponuje monta\u017c stanowisk audytoryjnych z przesuni\u0119ciem o 50% wzgl\u0119dem nast\u0119pnego rz\u0119dy.<br \/>\r\n\t<div class=\"su-spacer\" style=\"height:10px\"><\/div><div class=\"su-heading su-heading-style-default su-heading-align-center\" id=\"\" style=\"font-size:13px;margin-bottom:20px\"><div class=\"su-heading-inner\">\r\n<\/p>\r\n\r\n\r\n\r\n<h2>\r\n\tGaleria\r\n<\/h2>\r\n\r\n<p>\r\n\t<\/div><\/div><!--{\/content}--><\/div><\/div><!--[\/html]-->\t\t\t\t<!--{\/content}-->\n\t\t\t<\/div>\n\t\t<\/section>\n\t<!--[\/section]-->\n\n","protected":false},"excerpt":{"rendered":"","protected":false},"author":1,"featured_media":0,"parent":16,"menu_order":5,"comment_status":"closed","ping_status":"closed","template":"templates\/front_17.php","meta":[],"yoast_head":"<!-- This site is optimized with the Yoast SEO plugin v15.1.1 - https:\/\/yoast.com\/wordpress\/plugins\/seo\/ -->\n<title>model MILLENIUM TAPI | Fotele Blond |Fotele kinowe, fotele teatralne | Warszawa<\/title>\n<meta name=\"robots\" content=\"index, follow, max-snippet:-1, max-image-preview:large, max-video-preview:-1\" \/>\n<link rel=\"canonical\" href=\"https:\/\/blond.pl\/fotele\/oferta\/model-millenium-tapi\/\" \/>\n<meta property=\"og:locale\" content=\"pl_PL\" \/>\n<meta property=\"og:type\" content=\"article\" \/>\n<meta property=\"og:title\" content=\"model MILLENIUM TAPI | Fotele Blond |Fotele kinowe, fotele teatralne | Warszawa\" \/>\n<meta property=\"og:url\" content=\"https:\/\/blond.pl\/fotele\/oferta\/model-millenium-tapi\/\" \/>\n<meta property=\"og:site_name\" content=\"Fotele Blond |Fotele kinowe, fotele teatralne | Warszawa\" \/>\n<meta property=\"article:modified_time\" content=\"2020-10-11T21:44:02+00:00\" \/>\n<meta name=\"twitter:card\" content=\"summary\" \/>\n<script type=\"application\/ld+json\" class=\"yoast-schema-graph\">{\"@context\":\"https:\/\/schema.org\",\"@graph\":[{\"@type\":\"Organization\",\"@id\":\"https:\/\/blond.pl\/fotele\/#organization\",\"name\":\"Fotele - Blond, Fotele teatralne, fotele kinowe, audytoryjne\",\"url\":\"https:\/\/blond.pl\/fotele\/\",\"sameAs\":[],\"logo\":{\"@type\":\"ImageObject\",\"@id\":\"https:\/\/blond.pl\/fotele\/#logo\",\"inLanguage\":\"pl-PL\",\"url\":\"https:\/\/blond.pl\/fotele\/wp-content\/uploads\/2020\/10\/logo.gif\",\"width\":242,\"height\":101,\"caption\":\"Fotele - Blond, Fotele teatralne, fotele kinowe, audytoryjne\"},\"image\":{\"@id\":\"https:\/\/blond.pl\/fotele\/#logo\"}},{\"@type\":\"WebSite\",\"@id\":\"https:\/\/blond.pl\/fotele\/#website\",\"url\":\"https:\/\/blond.pl\/fotele\/\",\"name\":\"Fotele Blond |Fotele kinowe, fotele teatralne | Warszawa\",\"description\":\"Proponujemy: Fotele teatralne, Fotele kinowe, Fotele audytoryjne, krzes\\u0142a audytoryjne, zas\\u0142ony sceniczne, kotary, szycie zas\\u0142on i kotar scenicznych. audytoryjne\",\"publisher\":{\"@id\":\"https:\/\/blond.pl\/fotele\/#organization\"},\"potentialAction\":[{\"@type\":\"SearchAction\",\"target\":\"https:\/\/blond.pl\/fotele\/?s={search_term_string}\",\"query-input\":\"required name=search_term_string\"}],\"inLanguage\":\"pl-PL\"},{\"@type\":\"WebPage\",\"@id\":\"https:\/\/blond.pl\/fotele\/oferta\/model-millenium-tapi\/#webpage\",\"url\":\"https:\/\/blond.pl\/fotele\/oferta\/model-millenium-tapi\/\",\"name\":\"model MILLENIUM TAPI | Fotele Blond |Fotele kinowe, fotele teatralne | Warszawa\",\"isPartOf\":{\"@id\":\"https:\/\/blond.pl\/fotele\/#website\"},\"datePublished\":\"2017-02-25T01:36:59+00:00\",\"dateModified\":\"2020-10-11T21:44:02+00:00\",\"inLanguage\":\"pl-PL\",\"potentialAction\":[{\"@type\":\"ReadAction\",\"target\":[\"https:\/\/blond.pl\/fotele\/oferta\/model-millenium-tapi\/\"]}]}]}<\/script>\n<!-- \/ Yoast SEO plugin. -->","_links":{"self":[{"href":"https:\/\/blond.pl\/fotele\/wp-json\/wp\/v2\/pages\/112"}],"collection":[{"href":"https:\/\/blond.pl\/fotele\/wp-json\/wp\/v2\/pages"}],"about":[{"href":"https:\/\/blond.pl\/fotele\/wp-json\/wp\/v2\/types\/page"}],"author":[{"embeddable":true,"href":"https:\/\/blond.pl\/fotele\/wp-json\/wp\/v2\/users\/1"}],"replies":[{"embeddable":true,"href":"https:\/\/blond.pl\/fotele\/wp-json\/wp\/v2\/comments?post=112"}],"version-history":[{"count":4,"href":"https:\/\/blond.pl\/fotele\/wp-json\/wp\/v2\/pages\/112\/revisions"}],"predecessor-version":[{"id":169,"href":"https:\/\/blond.pl\/fotele\/wp-json\/wp\/v2\/pages\/112\/revisions\/169"}],"up":[{"embeddable":true,"href":"https:\/\/blond.pl\/fotele\/wp-json\/wp\/v2\/pages\/16"}],"wp:attachment":[{"href":"https:\/\/blond.pl\/fotele\/wp-json\/wp\/v2\/media?parent=112"}],"curies":[{"name":"wp","href":"https:\/\/api.w.org\/{rel}","templated":true}]}}